{"id":158,"date":"2025-04-24T16:10:53","date_gmt":"2025-04-24T14:10:53","guid":{"rendered":"http:\/\/www.aupasradis.fr\/?page_id=158"},"modified":"2025-05-27T10:56:15","modified_gmt":"2025-05-27T08:56:15","slug":"qui-sommes-nous","status":"publish","type":"page","link":"https:\/\/www.aupasradis.fr\/index.php\/qui-sommes-nous\/","title":{"rendered":"Qui sommes-nous ?"},"content":{"rendered":"\n<p class=\"has-text-align-center\">Et oui, qui se cache derri\u00e8re le Pas&#8230;Radis ?<\/p>\n\n\n\n<p class=\"has-text-align-center\">Cette joyeuse \u00e9quipe se compose d&rsquo;une multitude d&rsquo;animaux (sauvage ou non!) et de deux copines bienveillantes, sensibles, dr\u00f4les, extras et pourtant  bien ordinaires :<\/p>\n\n\n<div class=\"wp-block-image\">\n<figure class=\"aligncenter size-large is-resized\"><img loading=\"lazy\" decoding=\"async\" width=\"1024\" height=\"723\" src=\"https:\/\/www.aupasradis.fr\/wp-content\/uploads\/2025\/05\/WhatsApp-Image-2025-05-24-at-18.22.44-1024x723.jpg\" alt=\"\" class=\"wp-image-412\" style=\"width:312px;height:auto\" srcset=\"https:\/\/www.aupasradis.fr\/wp-content\/uploads\/2025\/05\/WhatsApp-Image-2025-05-24-at-18.22.44-1024x723.jpg 1024w, https:\/\/www.aupasradis.fr\/wp-content\/uploads\/2025\/05\/WhatsApp-Image-2025-05-24-at-18.22.44-300x212.jpg 300w, https:\/\/www.aupasradis.fr\/wp-content\/uploads\/2025\/05\/WhatsApp-Image-2025-05-24-at-18.22.44-768x543.jpg 768w, https:\/\/www.aupasradis.fr\/wp-content\/uploads\/2025\/05\/WhatsApp-Image-2025-05-24-at-18.22.44.jpg 1056w\" sizes=\"auto, (max-width: 1024px) 100vw, 1024px\" \/><\/figure>\n<\/div>\n\n\n<div style=\"height:100px\" aria-hidden=\"true\" class=\"wp-block-spacer\"><\/div>\n\n\n\n<p class=\"has-text-align-center has-accent-color has-text-color has-link-color wp-elements-448676040aee52ad10dbdca95ff88a3d\"><strong>Jessica Falgui\u00e8res<\/strong><\/p>\n\n\n\n<p class=\"has-text-align-center\"><strong>Educatrice sp\u00e9cialis\u00e9e<\/strong> aupr\u00e8s d&rsquo;adultes et d&rsquo;enfants en difficult\u00e9s (sociales, handicaps, et \/ou troubles autistiques.)<\/p>\n\n\n\n<p class=\"has-text-align-center\">Agr\u00e9ment d\u00e9partemental d\u2019accueillante familiale.<\/p>\n\n\n\n<p class=\"has-text-align-center\"><em>J&rsquo;aime \u00eatre dehors, m&rsquo;\u00e9merveiller devant la beaut\u00e9 que peut nous offrir la nature et surtout partager ces moments avec vous&#8230;<\/em><\/p>\n\n\n\n<p><\/p>\n\n\n<div class=\"wp-block-image\">\n<figure class=\"aligncenter size-large is-resized\"><img loading=\"lazy\" decoding=\"async\" width=\"768\" height=\"1024\" src=\"https:\/\/www.aupasradis.fr\/wp-content\/uploads\/2025\/04\/WhatsApp-Image-2025-04-15-at-13.53.38-768x1024.jpeg\" alt=\"\" class=\"wp-image-160\" style=\"width:398px;height:auto\" srcset=\"https:\/\/www.aupasradis.fr\/wp-content\/uploads\/2025\/04\/WhatsApp-Image-2025-04-15-at-13.53.38-768x1024.jpeg 768w, https:\/\/www.aupasradis.fr\/wp-content\/uploads\/2025\/04\/WhatsApp-Image-2025-04-15-at-13.53.38-225x300.jpeg 225w, https:\/\/www.aupasradis.fr\/wp-content\/uploads\/2025\/04\/WhatsApp-Image-2025-04-15-at-13.53.38-1152x1536.jpeg 1152w, https:\/\/www.aupasradis.fr\/wp-content\/uploads\/2025\/04\/WhatsApp-Image-2025-04-15-at-13.53.38.jpeg 1200w\" sizes=\"auto, (max-width: 768px) 100vw, 768px\" \/><\/figure>\n<\/div>\n\n\n<div style=\"height:100px\" aria-hidden=\"true\" class=\"wp-block-spacer\"><\/div>\n\n\n\n<ul class=\"wp-block-list\">\n<li>2025 Formation \u00ab\u00a0\u00c0 la rencontre de la vannerie sauvage et buissonni\u00e8re\u00a0\u00bb &#8211; Babeth Ollivier &#8211; 2 jours<\/li>\n\n\n\n<li>2021 Formation \u00ab Makaton Avanc\u00e9e \u00bb, &#8211; AAD Makaton &#8211; 6 jours<\/li>\n\n\n\n<li>2020 Formation \u00ab PECS Niveau 1 et ABA Fonctionnelle \u00bb &#8211; Pyramid France &#8211; 1 semaine<\/li>\n\n\n\n<li>2020 Formation certifiante \u00ab CEPRO1, soutien scolaire sp\u00e9cifique \u00bb &#8211; Epsylon \u00e0 l\u2019\u00e9cole &#8211; 2 semaines<\/li>\n\n\n\n<li>2019 Formation \u00ab Sensibilisation \u00e0 la p\u00e9dagogie Montessori \u00bb &#8211; Formiris &#8211; 3 jours<\/li>\n\n\n\n<li>2017 Formation \u00ab Autisme : de la compr\u00e9hension \u00e0 l\u2019accompagnement \u00bb &#8211; 1 semaine<\/li>\n\n\n\n<li>2013\/2015 Master 2 \u00ab Enseignement du premier degr\u00e9 \u00bb &#8211; ESPE <\/li>\n\n\n\n<li>2011 Formation \u00ab A la recherche de son propre clown \u00bb &#8211; Bataclown &#8211; 5 jours<\/li>\n\n\n\n<li>2007\/2008 Licence de psychologie \u2013 Enseignement \u00e0 distance <\/li>\n\n\n\n<li>2001\/04 Dipl\u00f4me d\u2019\u00c9tat d\u2019\u00e9ducatrice sp\u00e9cialis\u00e9e <\/li>\n<\/ul>\n\n\n\n<p class=\"has-text-align-center has-accent-color has-text-color has-link-color wp-elements-2f21cf757ccf19735a2648c6eb12cf4d\"><strong>Anne-Sophie Vadez<\/strong><\/p>\n\n\n\n<ul class=\"wp-block-list\">\n<li>Productrice et transformatrice de petits fruits en agriculture biologique, <\/li>\n\n\n\n<li>Formation animatrice ferme p\u00e9dagogique <\/li>\n\n\n\n<li>Formation animatrice nature<\/li>\n\n\n\n<li>Accueillante Lieu d&rsquo;Accueil Enfant Parent<\/li>\n<\/ul>\n\n\n\n<blockquote class=\"wp-block-quote is-layout-flow wp-block-quote-is-layout-flow\">\n<p class=\"has-text-align-center\">Rien de meilleur que de planter, puis de regarder \u00e9voluer et s&rsquo;\u00e9panouir une plante, et de cueillir et de d\u00e9guster imm\u00e9diatement, dans le champ ! La framboise reste mon fruit pr\u00e9f\u00e9r\u00e9, mais la fraise n&rsquo;est pas loin.<\/p>\n<\/blockquote>\n\n\n\n<figure class=\"wp-block-gallery aligncenter has-nested-images columns-default is-cropped wp-block-gallery-1 is-layout-flex wp-block-gallery-is-layout-flex\">\n<figure class=\"wp-block-image size-large\"><img loading=\"lazy\" decoding=\"async\" width=\"768\" height=\"1024\" data-id=\"391\" src=\"https:\/\/www.aupasradis.fr\/wp-content\/uploads\/2025\/05\/IMG_2972-768x1024.jpg\" alt=\"\" class=\"wp-image-391\" srcset=\"https:\/\/www.aupasradis.fr\/wp-content\/uploads\/2025\/05\/IMG_2972-768x1024.jpg 768w, https:\/\/www.aupasradis.fr\/wp-content\/uploads\/2025\/05\/IMG_2972-225x300.jpg 225w, https:\/\/www.aupasradis.fr\/wp-content\/uploads\/2025\/05\/IMG_2972-1152x1536.jpg 1152w, https:\/\/www.aupasradis.fr\/wp-content\/uploads\/2025\/05\/IMG_2972-1536x2048.jpg 1536w, https:\/\/www.aupasradis.fr\/wp-content\/uploads\/2025\/05\/IMG_2972-scaled.jpg 1920w\" sizes=\"auto, (max-width: 768px) 100vw, 768px\" \/><\/figure>\n\n\n\n<figure class=\"wp-block-image size-large\"><img loading=\"lazy\" decoding=\"async\" width=\"768\" height=\"1024\" data-id=\"159\" src=\"https:\/\/www.aupasradis.fr\/wp-content\/uploads\/2025\/04\/WhatsApp-Image-2025-04-15-at-13.53.37-768x1024.jpeg\" alt=\"\" class=\"wp-image-159\" srcset=\"https:\/\/www.aupasradis.fr\/wp-content\/uploads\/2025\/04\/WhatsApp-Image-2025-04-15-at-13.53.37-768x1024.jpeg 768w, https:\/\/www.aupasradis.fr\/wp-content\/uploads\/2025\/04\/WhatsApp-Image-2025-04-15-at-13.53.37-225x300.jpeg 225w, https:\/\/www.aupasradis.fr\/wp-content\/uploads\/2025\/04\/WhatsApp-Image-2025-04-15-at-13.53.37-1152x1536.jpeg 1152w, https:\/\/www.aupasradis.fr\/wp-content\/uploads\/2025\/04\/WhatsApp-Image-2025-04-15-at-13.53.37.jpeg 1200w\" sizes=\"auto, (max-width: 768px) 100vw, 768px\" \/><\/figure>\n\n\n\n<figure class=\"wp-block-image size-large\"><img loading=\"lazy\" decoding=\"async\" width=\"768\" height=\"1024\" data-id=\"393\" src=\"https:\/\/www.aupasradis.fr\/wp-content\/uploads\/2025\/05\/IMG_3138-1-768x1024.jpg\" alt=\"\" class=\"wp-image-393\" srcset=\"https:\/\/www.aupasradis.fr\/wp-content\/uploads\/2025\/05\/IMG_3138-1-768x1024.jpg 768w, https:\/\/www.aupasradis.fr\/wp-content\/uploads\/2025\/05\/IMG_3138-1-225x300.jpg 225w, https:\/\/www.aupasradis.fr\/wp-content\/uploads\/2025\/05\/IMG_3138-1-1152x1536.jpg 1152w, https:\/\/www.aupasradis.fr\/wp-content\/uploads\/2025\/05\/IMG_3138-1-1536x2048.jpg 1536w, https:\/\/www.aupasradis.fr\/wp-content\/uploads\/2025\/05\/IMG_3138-1-scaled.jpg 1920w\" sizes=\"auto, (max-width: 768px) 100vw, 768px\" \/><\/figure>\n<\/figure>\n\n\n\n<p><\/p>\n","protected":false},"excerpt":{"rendered":"<p>Et oui, qui se cache derri\u00e8re le Pas&#8230;Radis ? Cette joyeuse \u00e9quipe se compose d&rsquo;une multitude d&rsquo;animaux (sauvage ou non!) et de deux copines bienveillantes, sensibles, dr\u00f4les, extras et pourtant bien ordinaires : Jessica Falgui\u00e8res Educatrice sp\u00e9cialis\u00e9e aupr\u00e8s d&rsquo;adultes et d&rsquo;enfants en difficult\u00e9s (sociales, handicaps, et \/ou troubles autistiques.) Agr\u00e9ment [&hellip;]<\/p>\n","protected":false},"author":1,"featured_media":0,"parent":0,"menu_order":0,"comment_status":"closed","ping_status":"closed","template":"","meta":{"footnotes":""},"class_list":["post-158","page","type-page","status-publish","hentry"],"_links":{"self":[{"href":"https:\/\/www.aupasradis.fr\/index.php\/wp-json\/wp\/v2\/pages\/158","targetHints":{"allow":["GET"]}}],"collection":[{"href":"https:\/\/www.aupasradis.fr\/index.php\/wp-json\/wp\/v2\/pages"}],"about":[{"href":"https:\/\/www.aupasradis.fr\/index.php\/wp-json\/wp\/v2\/types\/page"}],"author":[{"embeddable":true,"href":"https:\/\/www.aupasradis.fr\/index.php\/wp-json\/wp\/v2\/users\/1"}],"replies":[{"embeddable":true,"href":"https:\/\/www.aupasradis.fr\/index.php\/wp-json\/wp\/v2\/comments?post=158"}],"version-history":[{"count":12,"href":"https:\/\/www.aupasradis.fr\/index.php\/wp-json\/wp\/v2\/pages\/158\/revisions"}],"predecessor-version":[{"id":415,"href":"https:\/\/www.aupasradis.fr\/index.php\/wp-json\/wp\/v2\/pages\/158\/revisions\/415"}],"wp:attachment":[{"href":"https:\/\/www.aupasradis.fr\/index.php\/wp-json\/wp\/v2\/media?parent=158"}],"curies":[{"name":"wp","href":"https:\/\/api.w.org\/{rel}","templated":true}]}}