{"id":18,"date":"2025-04-24T09:42:07","date_gmt":"2025-04-24T07:42:07","guid":{"rendered":"http:\/\/www.aupasradis.fr\/?page_id=18"},"modified":"2025-10-29T22:50:35","modified_gmt":"2025-10-29T21:50:35","slug":"accueil","status":"publish","type":"page","link":"https:\/\/www.aupasradis.fr\/","title":{"rendered":"Accueil"},"content":{"rendered":"\n<div class=\"wp-block-cover aligncenter is-light hestia-clear-top-padding\" style=\"border-style:none;border-width:0px;border-radius:0px;margin-top:var(--wp--preset--spacing--40);margin-bottom:var(--wp--preset--spacing--40);padding-top:0;padding-right:0;padding-bottom:0;padding-left:0;min-height:933px;aspect-ratio:unset;\"><span aria-hidden=\"true\" class=\"wp-block-cover__background has-white-background-color has-background-dim-100 has-background-dim\"><\/span><div class=\"wp-block-cover__inner-container is-layout-flow wp-container-core-cover-is-layout-f8490d9e wp-block-cover-is-layout-flow\">\n<h2 class=\"wp-block-heading has-text-align-center has-text-color\" style=\"color:#084d92\">Que nous proposons-vous ?<\/h2>\n\n\n\n<div style=\"height:40px\" aria-hidden=\"true\" class=\"wp-block-spacer\"><\/div>\n\n\n\n<p class=\"has-text-align-center has-white-color has-accent-background-color has-text-color has-background has-link-color has-black-color has-white-background-color\" style=\"padding-top:0;padding-right:10rem;padding-bottom:0;padding-left:10rem\"><\/p>\n\n\n\n<p class=\"has-text-align-center has-white-color has-accent-background-color has-text-color has-background has-link-color\" style=\"padding-top:0;padding-right:10rem;padding-bottom:0;padding-left:10rem\"><\/p>\n\n\n\n<p class=\"has-text-align-center has-white-color has-accent-background-color has-text-color has-background has-link-color has-black-color has-white-background-color wp-elements-fa8ed80c5ad3350bba72071b292ec6f5\" style=\"padding-top:0;padding-right:10rem;padding-bottom:0;padding-left:10rem\"><\/p>\n\n\n\n<div class=\"wp-block-group\"><div class=\"wp-block-group__inner-container is-layout-constrained wp-block-group-is-layout-constrained\">\n<p class=\"has-text-align-center\">Anne Sophie et Jessica ont cr\u00e9\u00e9 ce projet dans le but de vous transmettre leur passion pour le monde du vivant.<\/p>\n\n\n\n<p class=\"has-text-align-center has-accent-color has-text-color has-link-color wp-elements-17a53c8acea487ff3bba78ccb6b67a7d\">Que ce soit pour<strong> les<\/strong> <strong>tous petits<\/strong> <\/p>\n\n\n\n<p class=\"has-text-align-center\"><em>(cr\u00e8ches, MAM, \u00e9cole maternelle et primaire, centre de loisirs, PJJ, ASE, IME,SESSAD, ITEP, MECS), <\/em><\/p>\n\n\n\n<p class=\"has-text-align-center has-accent-color has-text-color has-link-color wp-elements-a11750b6be09ec6997be0d2cbcc92915\">pour<strong> les adultes <\/strong><\/p>\n\n\n\n<p class=\"has-text-align-center\"><em>(CCAS, Foyer d\u2019H\u00e9bergement, Foyer de Vie, CHRS\u2026) <\/em><\/p>\n\n\n\n<p class=\"has-text-align-center has-accent-color has-text-color has-link-color wp-elements-bdb938e41cec348a988c99ead1138486\">ou encore pour <strong>les seniors <\/strong><\/p>\n\n\n\n<p class=\"has-text-align-center\"><em>(EPAHD, R\u00e9sidence S\u00e9nior, accueil de jour).<\/em><\/p>\n\n\n\n<p class=\"has-text-align-center has-accent-color has-text-color has-link-color wp-elements-a32dfae4498536e8aa52633689d3ca94\"><strong>Vous \u00eates tous\/tes les bienvenu\/es dans notre paradis.<\/strong><\/p>\n<\/div><\/div>\n\n\n\n<div style=\"height:40px\" aria-hidden=\"true\" class=\"wp-block-spacer\"><\/div>\n\n\n\n<div class=\"wp-block-columns container is-layout-flex wp-container-core-columns-is-layout-28f84493 wp-block-columns-is-layout-flex\">\n<div class=\"wp-block-column is-layout-flow wp-block-column-is-layout-flow\"><div class=\"wp-block-image\">\n<figure class=\"aligncenter size-large\"><img loading=\"lazy\" decoding=\"async\" width=\"768\" height=\"1024\" src=\"https:\/\/www.aupasradis.fr\/wp-content\/uploads\/2025\/10\/WhatsApp-Image-2025-09-26-at-08.32.39-15-1-768x1024.jpeg\" alt=\"\" class=\"wp-image-484\" srcset=\"https:\/\/www.aupasradis.fr\/wp-content\/uploads\/2025\/10\/WhatsApp-Image-2025-09-26-at-08.32.39-15-1-768x1024.jpeg 768w, https:\/\/www.aupasradis.fr\/wp-content\/uploads\/2025\/10\/WhatsApp-Image-2025-09-26-at-08.32.39-15-1-225x300.jpeg 225w, https:\/\/www.aupasradis.fr\/wp-content\/uploads\/2025\/10\/WhatsApp-Image-2025-09-26-at-08.32.39-15-1-1152x1536.jpeg 1152w, https:\/\/www.aupasradis.fr\/wp-content\/uploads\/2025\/10\/WhatsApp-Image-2025-09-26-at-08.32.39-15-1.jpeg 1200w\" sizes=\"auto, (max-width: 768px) 100vw, 768px\" \/><\/figure>\n<\/div>\n\n\n<h5 class=\"wp-block-heading has-text-align-center has-text-color\" style=\"color:#1581af;font-size:20px\">Ferme p\u00e9dagogique<\/h5>\n\n\n\n<p class=\"has-text-align-center has-text-color\" style=\"color:#999999;font-size:14px\"><\/p>\n\n\n\n<div style=\"height:25px\" aria-hidden=\"true\" class=\"wp-block-spacer\"><\/div>\n<\/div>\n\n\n\n<div class=\"wp-block-column is-layout-flow wp-block-column-is-layout-flow\"><div class=\"wp-block-image\">\n<figure class=\"aligncenter size-large\"><img loading=\"lazy\" decoding=\"async\" width=\"768\" height=\"1024\" src=\"https:\/\/www.aupasradis.fr\/wp-content\/uploads\/2025\/10\/WhatsApp-Image-2025-09-21-at-15.50.37-8-768x1024.jpeg\" alt=\"\" class=\"wp-image-479\" srcset=\"https:\/\/www.aupasradis.fr\/wp-content\/uploads\/2025\/10\/WhatsApp-Image-2025-09-21-at-15.50.37-8-768x1024.jpeg 768w, https:\/\/www.aupasradis.fr\/wp-content\/uploads\/2025\/10\/WhatsApp-Image-2025-09-21-at-15.50.37-8-225x300.jpeg 225w, https:\/\/www.aupasradis.fr\/wp-content\/uploads\/2025\/10\/WhatsApp-Image-2025-09-21-at-15.50.37-8-1152x1536.jpeg 1152w, https:\/\/www.aupasradis.fr\/wp-content\/uploads\/2025\/10\/WhatsApp-Image-2025-09-21-at-15.50.37-8.jpeg 1200w\" sizes=\"auto, (max-width: 768px) 100vw, 768px\" \/><\/figure>\n<\/div>\n\n\n<h5 class=\"wp-block-heading has-text-align-center has-text-color\" style=\"color:#1875a8;font-size:20px\">Accueil social<\/h5>\n\n\n\n<p class=\"has-text-align-center has-text-color\" style=\"color:#999999;font-size:20px\"><\/p>\n\n\n\n<div style=\"height:25px\" aria-hidden=\"true\" class=\"wp-block-spacer\"><\/div>\n<\/div>\n\n\n\n<div class=\"wp-block-column is-layout-flow wp-block-column-is-layout-flow\"><div class=\"wp-block-image\">\n<figure class=\"aligncenter size-large\"><img loading=\"lazy\" decoding=\"async\" width=\"768\" height=\"1024\" src=\"https:\/\/www.aupasradis.fr\/wp-content\/uploads\/2025\/10\/WhatsApp-Image-2025-09-21-at-15.50.37-1-768x1024.jpeg\" alt=\"\" class=\"wp-image-477\" srcset=\"https:\/\/www.aupasradis.fr\/wp-content\/uploads\/2025\/10\/WhatsApp-Image-2025-09-21-at-15.50.37-1-768x1024.jpeg 768w, https:\/\/www.aupasradis.fr\/wp-content\/uploads\/2025\/10\/WhatsApp-Image-2025-09-21-at-15.50.37-1-225x300.jpeg 225w, https:\/\/www.aupasradis.fr\/wp-content\/uploads\/2025\/10\/WhatsApp-Image-2025-09-21-at-15.50.37-1-1152x1536.jpeg 1152w, https:\/\/www.aupasradis.fr\/wp-content\/uploads\/2025\/10\/WhatsApp-Image-2025-09-21-at-15.50.37-1.jpeg 1200w\" sizes=\"auto, (max-width: 768px) 100vw, 768px\" \/><\/figure>\n<\/div>\n\n\n<h5 class=\"wp-block-heading has-text-align-center has-text-color\" style=\"color:#176ea4;font-size:20px\">Chantier \u00e9ducatif<\/h5>\n\n\n\n<p class=\"has-text-align-center has-black-color has-text-color\" style=\"font-size:20px\"><\/p>\n\n\n\n<div style=\"height:25px\" aria-hidden=\"true\" class=\"wp-block-spacer\"><\/div>\n<\/div>\n<\/div>\n<\/div><\/div>\n\n\n\n<div class=\"wp-block-columns container is-layout-flex wp-container-core-columns-is-layout-28f84493 wp-block-columns-is-layout-flex\">\n<div class=\"wp-block-column col-md-5 is-layout-flow wp-block-column-is-layout-flow\">\n<div style=\"height:55px\" aria-hidden=\"true\" class=\"wp-block-spacer\"><\/div>\n\n\n\n<h2 class=\"wp-block-heading\">Les petits plus du Pas&#8230;Radis !<\/h2>\n\n\n\n<p class=\"has-text-align-center has-accent-color has-text-color has-link-color wp-elements-9c4fc91e745358c905d0528dac4cfa9f\"><strong>Au Pas&#8230;Radis est labellis\u00e9 Accueil Paysan<\/strong><\/p>\n\n\n\n<p>C&rsquo;est une association cr\u00e9\u00e9e en 1987 qui propose des espaces de vie et de rencontre, une agriculture paysanne pour une&nbsp;souverainet\u00e9 alimentaire, un engagement solidaire pour un projet \u00e9quitable, des pratiques respectueuses de l&rsquo;environnement et de la diversit\u00e9.<\/p>\n\n\n\n<p>\u00ab Notre souci premier est d\u2019\u00e9changer et de partager avec les personnes accueillies, dans la convivialit\u00e9. Nous souhaitons qu\u2019elles se sentent bien chez nous, se reposent, d\u00e9couvrent de nouvelles choses et puissent s\u2019\u00e9panouir \u00e0 partir des richesses immat\u00e9rielles que nous partageons. \u00bb<\/p>\n\n\n<div class=\"wp-block-image\">\n<figure class=\"aligncenter size-full\"><img loading=\"lazy\" decoding=\"async\" width=\"250\" height=\"247\" src=\"https:\/\/www.aupasradis.fr\/wp-content\/uploads\/2025\/05\/250px-Logo_accueil_paysan-1-2.gif\" alt=\"\" class=\"wp-image-372\"\/><\/figure>\n<\/div>\n\n\n<figure class=\"wp-block-embed is-type-video is-provider-youtube wp-block-embed-youtube wp-embed-aspect-4-3 wp-has-aspect-ratio\"><div class=\"wp-block-embed__wrapper\">\n<iframe loading=\"lazy\" title=\"Paysan mais pas que ... - la chanson !\" width=\"750\" height=\"563\" src=\"https:\/\/www.youtube.com\/embed\/6xQy0cjzuhY?feature=oembed\" frameborder=\"0\" allow=\"accelerometer; autoplay; clipboard-write; encrypted-media; gyroscope; picture-in-picture; web-share\" referrerpolicy=\"strict-origin-when-cross-origin\" allowfullscreen><\/iframe>\n<\/div><\/figure>\n\n\n\n<p class=\"has-text-align-center\">Un espace pique ombrag\u00e9 vous attend afin de profiter de notre magnifique environnement.<\/p>\n\n\n<div class=\"wp-block-image\">\n<figure class=\"aligncenter size-large is-resized\"><img loading=\"lazy\" decoding=\"async\" width=\"768\" height=\"1024\" src=\"https:\/\/www.aupasradis.fr\/wp-content\/uploads\/2025\/04\/IMG_4601-768x1024.jpg\" alt=\"\" class=\"wp-image-156\" style=\"width:320px;height:auto\" srcset=\"https:\/\/www.aupasradis.fr\/wp-content\/uploads\/2025\/04\/IMG_4601-768x1024.jpg 768w, https:\/\/www.aupasradis.fr\/wp-content\/uploads\/2025\/04\/IMG_4601-225x300.jpg 225w, https:\/\/www.aupasradis.fr\/wp-content\/uploads\/2025\/04\/IMG_4601-1152x1536.jpg 1152w, https:\/\/www.aupasradis.fr\/wp-content\/uploads\/2025\/04\/IMG_4601-1536x2048.jpg 1536w, https:\/\/www.aupasradis.fr\/wp-content\/uploads\/2025\/04\/IMG_4601-scaled.jpg 1920w\" sizes=\"auto, (max-width: 768px) 100vw, 768px\" \/><\/figure>\n<\/div><\/div>\n<\/div>\n","protected":false},"excerpt":{"rendered":"<p>Les petits plus du Pas&#8230;Radis ! Au Pas&#8230;Radis est labellis\u00e9 Accueil Paysan C&rsquo;est une association cr\u00e9\u00e9e en 1987 qui propose des espaces de vie et de rencontre, une agriculture paysanne pour une&nbsp;souverainet\u00e9 alimentaire, un engagement solidaire pour un projet \u00e9quitable, des pratiques respectueuses de l&rsquo;environnement et de la diversit\u00e9. \u00ab [&hellip;]<\/p>\n","protected":false},"author":1,"featured_media":28,"parent":0,"menu_order":0,"comment_status":"closed","ping_status":"closed","template":"","meta":{"footnotes":""},"class_list":["post-18","page","type-page","status-publish","has-post-thumbnail","hentry"],"_links":{"self":[{"href":"https:\/\/www.aupasradis.fr\/index.php\/wp-json\/wp\/v2\/pages\/18","targetHints":{"allow":["GET"]}}],"collection":[{"href":"https:\/\/www.aupasradis.fr\/index.php\/wp-json\/wp\/v2\/pages"}],"about":[{"href":"https:\/\/www.aupasradis.fr\/index.php\/wp-json\/wp\/v2\/types\/page"}],"author":[{"embeddable":true,"href":"https:\/\/www.aupasradis.fr\/index.php\/wp-json\/wp\/v2\/users\/1"}],"replies":[{"embeddable":true,"href":"https:\/\/www.aupasradis.fr\/index.php\/wp-json\/wp\/v2\/comments?post=18"}],"version-history":[{"count":56,"href":"https:\/\/www.aupasradis.fr\/index.php\/wp-json\/wp\/v2\/pages\/18\/revisions"}],"predecessor-version":[{"id":485,"href":"https:\/\/www.aupasradis.fr\/index.php\/wp-json\/wp\/v2\/pages\/18\/revisions\/485"}],"wp:featuredmedia":[{"embeddable":true,"href":"https:\/\/www.aupasradis.fr\/index.php\/wp-json\/wp\/v2\/media\/28"}],"wp:attachment":[{"href":"https:\/\/www.aupasradis.fr\/index.php\/wp-json\/wp\/v2\/media?parent=18"}],"curies":[{"name":"wp","href":"https:\/\/api.w.org\/{rel}","templated":true}]}}