{"id":65,"date":"2025-04-24T10:14:46","date_gmt":"2025-04-24T08:14:46","guid":{"rendered":"http:\/\/www.aupasradis.fr\/?page_id=65"},"modified":"2025-10-29T22:42:51","modified_gmt":"2025-10-29T21:42:51","slug":"ferme-pedagogique","status":"publish","type":"page","link":"https:\/\/www.aupasradis.fr\/index.php\/ferme-pedagogique\/","title":{"rendered":"Ferme p\u00e9dagogique"},"content":{"rendered":"\n<p class=\"has-text-align-center has-accent-color has-text-color has-link-color wp-elements-264e04f345c8dcdd040ff7a940058961\">A la ferme p\u00e9dagogique du Pas&#8230;Radis, nous vous accueillons en <strong>classe ou en petits groupes<\/strong> (MAM, regroupement de particuliers, IEF, etc), pour la journ\u00e9e ou la demi-journ\u00e9e.<\/p>\n\n\n\n<p class=\"has-text-align-center\">Diff\u00e9rents ateliers vous sont propos\u00e9s, c&rsquo;est \u00e0 vous de composer votre programme. Selon le nombre que vous \u00eates, il sera possible d&rsquo;am\u00e9nager les ateliers afin de vous proposer d&rsquo;\u00e9voluer en petit groupe sur le site. Ainsi, pendant qu&rsquo;un groupe supervis\u00e9 par l&rsquo;une d&rsquo;entre nous fera un atelier, un autre groupe sera en autonomie avec un adulte accompagnant sur un atelier. Les diff\u00e9rents groupes pourront tourner sur les ateliers au fur et \u00e0 mesure de la journ\u00e9e.<\/p>\n\n\n\n<p class=\"has-text-align-center has-accent-color has-text-color has-link-color wp-elements-cad727d10954fe9b37a7d0565a46effa\">Ces ateliers sont \u00e9volutifs selon la m\u00e9t\u00e9o, la saison et le nombre de participants.<\/p>\n\n\n\n<p><em>Attention : pour que tous les participants passent une bonne journ\u00e9e, une tenue adapt\u00e9e est obligatoire ! Les bottes, le pantalon imperm\u00e9able, le manteau qui ne craint rien sont gages d&rsquo;une bonne journ\u00e9e en mi saison et en hiver. Et l&rsquo;\u00e9t\u00e9, le chapeau certes, mais les bottes sont parfois n\u00e9cessaires. Nous ferons le point avant chaque visite afin de pr\u00e9voir avec vous la tenue parfaite.<\/em><\/p>\n\n\n\n<p class=\"has-text-align-center\">Voici les diff\u00e9rents th\u00e8mes d&rsquo;ateliers propos\u00e9s :<\/p>\n\n\n\n<div style=\"height:100px\" aria-hidden=\"true\" class=\"wp-block-spacer\"><\/div>\n\n\n\n<p><\/p>\n\n\n\n<h2 class=\"wp-block-heading has-text-align-center\">Ateliers ludiques et cr\u00e9atifs<\/h2>\n\n\n\n<p>Au programme :<\/p>\n\n\n\n<ul class=\"wp-block-list\">\n<li>la cr\u00e9ation de nichoirs \u00e0 oiseaux pour pouvoir les entendre chanter, <\/li>\n\n\n\n<li>cr\u00e9ation de refuges \u00e0 abeilles pour les prot\u00e9ger <\/li>\n\n\n\n<li>de la peinture v\u00e9g\u00e9tale pour des cr\u00e9ations hautes en couleur,<\/li>\n\n\n\n<li>de la vannerie sauvage pour des cr\u00e9ations toujours uniques,<\/li>\n\n\n\n<li>des cr\u00e9ations florales pour mettre des couleurs dans la vie,<\/li>\n\n\n\n<li>des impressions v\u00e9g\u00e9tales,<\/li>\n<\/ul>\n\n\n\n<figure class=\"wp-block-gallery has-nested-images columns-default is-cropped wp-block-gallery-1 is-layout-flex wp-block-gallery-is-layout-flex\">\n<figure class=\"wp-block-image size-large\"><img loading=\"lazy\" decoding=\"async\" width=\"768\" height=\"1024\" data-id=\"93\" src=\"https:\/\/www.aupasradis.fr\/wp-content\/uploads\/2025\/04\/IMG_4760-768x1024.jpg\" alt=\"\" class=\"wp-image-93\" srcset=\"https:\/\/www.aupasradis.fr\/wp-content\/uploads\/2025\/04\/IMG_4760-768x1024.jpg 768w, https:\/\/www.aupasradis.fr\/wp-content\/uploads\/2025\/04\/IMG_4760-225x300.jpg 225w, https:\/\/www.aupasradis.fr\/wp-content\/uploads\/2025\/04\/IMG_4760-1152x1536.jpg 1152w, https:\/\/www.aupasradis.fr\/wp-content\/uploads\/2025\/04\/IMG_4760-1536x2048.jpg 1536w, https:\/\/www.aupasradis.fr\/wp-content\/uploads\/2025\/04\/IMG_4760-scaled.jpg 1920w\" sizes=\"auto, (max-width: 768px) 100vw, 768px\" \/><\/figure>\n\n\n\n<figure class=\"wp-block-image size-large\"><img loading=\"lazy\" decoding=\"async\" width=\"768\" height=\"1024\" data-id=\"460\" src=\"https:\/\/www.aupasradis.fr\/wp-content\/uploads\/2025\/10\/WhatsApp-Image-2025-10-28-at-15.20.32-768x1024.jpeg\" alt=\"\" class=\"wp-image-460\" srcset=\"https:\/\/www.aupasradis.fr\/wp-content\/uploads\/2025\/10\/WhatsApp-Image-2025-10-28-at-15.20.32-768x1024.jpeg 768w, https:\/\/www.aupasradis.fr\/wp-content\/uploads\/2025\/10\/WhatsApp-Image-2025-10-28-at-15.20.32-225x300.jpeg 225w, https:\/\/www.aupasradis.fr\/wp-content\/uploads\/2025\/10\/WhatsApp-Image-2025-10-28-at-15.20.32-1152x1536.jpeg 1152w, https:\/\/www.aupasradis.fr\/wp-content\/uploads\/2025\/10\/WhatsApp-Image-2025-10-28-at-15.20.32.jpeg 1200w\" sizes=\"auto, (max-width: 768px) 100vw, 768px\" \/><\/figure>\n\n\n\n<figure class=\"wp-block-image size-large\"><img loading=\"lazy\" decoding=\"async\" width=\"1024\" height=\"768\" data-id=\"215\" src=\"https:\/\/www.aupasradis.fr\/wp-content\/uploads\/2025\/04\/IMG_2784-1024x768.jpg\" alt=\"\" class=\"wp-image-215\" srcset=\"https:\/\/www.aupasradis.fr\/wp-content\/uploads\/2025\/04\/IMG_2784-1024x768.jpg 1024w, https:\/\/www.aupasradis.fr\/wp-content\/uploads\/2025\/04\/IMG_2784-300x225.jpg 300w, https:\/\/www.aupasradis.fr\/wp-content\/uploads\/2025\/04\/IMG_2784-768x576.jpg 768w, https:\/\/www.aupasradis.fr\/wp-content\/uploads\/2025\/04\/IMG_2784-1536x1152.jpg 1536w, https:\/\/www.aupasradis.fr\/wp-content\/uploads\/2025\/04\/IMG_2784-2048x1536.jpg 2048w\" sizes=\"auto, (max-width: 1024px) 100vw, 1024px\" \/><\/figure>\n\n\n\n<figure class=\"wp-block-image size-large\"><img loading=\"lazy\" decoding=\"async\" width=\"768\" height=\"1024\" data-id=\"90\" src=\"https:\/\/www.aupasradis.fr\/wp-content\/uploads\/2025\/04\/WhatsApp-Image-2025-04-08-at-08.37.03-1-1-768x1024.jpeg\" alt=\"\" class=\"wp-image-90\" srcset=\"https:\/\/www.aupasradis.fr\/wp-content\/uploads\/2025\/04\/WhatsApp-Image-2025-04-08-at-08.37.03-1-1-768x1024.jpeg 768w, https:\/\/www.aupasradis.fr\/wp-content\/uploads\/2025\/04\/WhatsApp-Image-2025-04-08-at-08.37.03-1-1-225x300.jpeg 225w, https:\/\/www.aupasradis.fr\/wp-content\/uploads\/2025\/04\/WhatsApp-Image-2025-04-08-at-08.37.03-1-1-1152x1536.jpeg 1152w, https:\/\/www.aupasradis.fr\/wp-content\/uploads\/2025\/04\/WhatsApp-Image-2025-04-08-at-08.37.03-1-1.jpeg 1200w\" sizes=\"auto, (max-width: 768px) 100vw, 768px\" \/><\/figure>\n\n\n\n<figure class=\"wp-block-image size-large\"><img loading=\"lazy\" decoding=\"async\" width=\"768\" height=\"1024\" data-id=\"224\" src=\"https:\/\/www.aupasradis.fr\/wp-content\/uploads\/2025\/04\/WhatsApp-Image-2025-04-08-at-08.35.13-1-768x1024.jpeg\" alt=\"\" class=\"wp-image-224\" srcset=\"https:\/\/www.aupasradis.fr\/wp-content\/uploads\/2025\/04\/WhatsApp-Image-2025-04-08-at-08.35.13-1-768x1024.jpeg 768w, https:\/\/www.aupasradis.fr\/wp-content\/uploads\/2025\/04\/WhatsApp-Image-2025-04-08-at-08.35.13-1-225x300.jpeg 225w, https:\/\/www.aupasradis.fr\/wp-content\/uploads\/2025\/04\/WhatsApp-Image-2025-04-08-at-08.35.13-1-1152x1536.jpeg 1152w, https:\/\/www.aupasradis.fr\/wp-content\/uploads\/2025\/04\/WhatsApp-Image-2025-04-08-at-08.35.13-1.jpeg 1200w\" sizes=\"auto, (max-width: 768px) 100vw, 768px\" \/><\/figure>\n<\/figure>\n\n\n\n<div style=\"height:100px\" aria-hidden=\"true\" class=\"wp-block-spacer\"><\/div>\n\n\n\n<h2 class=\"wp-block-heading has-text-align-center\">Ateliers de P\u00e9dagogie Par la Nature <\/h2>\n\n\n\n<p>Vous ne connaissez pas la P\u00e9dagogie Par la Nature ? Aucun probl\u00e8me ! Voici sa d\u00e9finition par le r\u00e9seau National de la P\u00e9dagogie Par la Nature<\/p>\n\n\n\n<p class=\"has-text-align-center\"><strong>Qu\u2019est-ce que la P\u00e9dagogie Par la Nature (PPN) ?<\/strong><\/p>\n\n\n\n<h6 class=\"wp-block-heading has-text-align-center\">La P\u00e9dagogie Par la Nature est un processus qui promeut le<strong>&nbsp;d\u00e9veloppement holistique<\/strong>&nbsp;de ses participants au travers d\u2019<strong>activit\u00e9s r\u00e9guli\u00e8res<\/strong>&nbsp;de d\u00e9couverte dans un&nbsp;<strong>environnement naturel<\/strong>, si possible bois\u00e9.<br><br>La P\u00e9dagogie Par la Nature est une approche sp\u00e9cifique exigeante, fond\u00e9e sur l\u2019<strong>observation des apprentissages, l\u2019accompagnement r\u00e9fl\u00e9chi et bienveillant et le respect du rythme des participants<\/strong>.&nbsp;<\/h6>\n\n\n<div class=\"wp-block-image\">\n<figure class=\"aligncenter is-resized\"><img decoding=\"async\" src=\"https:\/\/static.wixstatic.com\/media\/96ba52_eded8aaf66e649559fe075261ffdf7c5~mv2.png\/v1\/fill\/w_600,h_503,al_c,q_85,usm_0.66_1.00_0.01,enc_avif,quality_auto\/%3D%20utf-8%20Q%20La_PPN_en_7_points-cl%3DC3%3DA9s_p.png\" alt=\"= utf-8 Q La_PPN_en_7_points-cl=C3=A9s.p\" style=\"width:643px;height:auto\"\/><\/figure>\n<\/div>\n\n\n<p><a href=\"https:\/\/www.reseau-pedagogie-nature.org\/la-ppn-en-7-points-cles\" target=\"_blank\" rel=\"noreferrer noopener\"><\/a><\/p>\n\n\n\n<p>Au Pas&#8230;Radis, la P\u00e9dagogie Par la Nature se traduit par des jeux libres, la cuisine de gadoue (toujours un \u00e9nooooorme succ\u00e8s), des jeux de d\u00e9couverte sensorielle, cache-cache doudous dans la for\u00eat, etc.<\/p>\n\n\n\n<figure class=\"wp-block-gallery has-nested-images columns-default is-cropped wp-block-gallery-2 is-layout-flex wp-block-gallery-is-layout-flex\">\n<figure class=\"wp-block-image size-large\"><img loading=\"lazy\" decoding=\"async\" width=\"768\" height=\"1024\" data-id=\"106\" src=\"https:\/\/www.aupasradis.fr\/wp-content\/uploads\/2025\/04\/WhatsApp-Image-2025-04-08-at-08.34.17-1-768x1024.jpeg\" alt=\"\" class=\"wp-image-106\" srcset=\"https:\/\/www.aupasradis.fr\/wp-content\/uploads\/2025\/04\/WhatsApp-Image-2025-04-08-at-08.34.17-1-768x1024.jpeg 768w, https:\/\/www.aupasradis.fr\/wp-content\/uploads\/2025\/04\/WhatsApp-Image-2025-04-08-at-08.34.17-1-225x300.jpeg 225w, https:\/\/www.aupasradis.fr\/wp-content\/uploads\/2025\/04\/WhatsApp-Image-2025-04-08-at-08.34.17-1-1152x1536.jpeg 1152w, https:\/\/www.aupasradis.fr\/wp-content\/uploads\/2025\/04\/WhatsApp-Image-2025-04-08-at-08.34.17-1.jpeg 1200w\" sizes=\"auto, (max-width: 768px) 100vw, 768px\" \/><figcaption class=\"wp-element-caption\">cuisine de gadoue<\/figcaption><\/figure>\n\n\n\n<figure class=\"wp-block-image size-large\"><img loading=\"lazy\" decoding=\"async\" width=\"682\" height=\"1024\" data-id=\"472\" src=\"https:\/\/www.aupasradis.fr\/wp-content\/uploads\/2025\/10\/WhatsApp-Image-2025-04-29-at-22.42.33-682x1024.jpeg\" alt=\"\" class=\"wp-image-472\" srcset=\"https:\/\/www.aupasradis.fr\/wp-content\/uploads\/2025\/10\/WhatsApp-Image-2025-04-29-at-22.42.33-682x1024.jpeg 682w, https:\/\/www.aupasradis.fr\/wp-content\/uploads\/2025\/10\/WhatsApp-Image-2025-04-29-at-22.42.33-200x300.jpeg 200w, https:\/\/www.aupasradis.fr\/wp-content\/uploads\/2025\/10\/WhatsApp-Image-2025-04-29-at-22.42.33-768x1153.jpeg 768w, https:\/\/www.aupasradis.fr\/wp-content\/uploads\/2025\/10\/WhatsApp-Image-2025-04-29-at-22.42.33-1023x1536.jpeg 1023w, https:\/\/www.aupasradis.fr\/wp-content\/uploads\/2025\/10\/WhatsApp-Image-2025-04-29-at-22.42.33.jpeg 1066w\" sizes=\"auto, (max-width: 682px) 100vw, 682px\" \/><figcaption class=\"wp-element-caption\">cr\u00e9ation d&rsquo;un parcours sensoriel<\/figcaption><\/figure>\n\n\n\n<figure class=\"wp-block-image size-large\"><img loading=\"lazy\" decoding=\"async\" width=\"768\" height=\"1024\" data-id=\"474\" src=\"https:\/\/www.aupasradis.fr\/wp-content\/uploads\/2025\/10\/WhatsApp-Image-2025-10-21-at-15.36.22-768x1024.jpeg\" alt=\"\" class=\"wp-image-474\" srcset=\"https:\/\/www.aupasradis.fr\/wp-content\/uploads\/2025\/10\/WhatsApp-Image-2025-10-21-at-15.36.22-768x1024.jpeg 768w, https:\/\/www.aupasradis.fr\/wp-content\/uploads\/2025\/10\/WhatsApp-Image-2025-10-21-at-15.36.22-225x300.jpeg 225w, https:\/\/www.aupasradis.fr\/wp-content\/uploads\/2025\/10\/WhatsApp-Image-2025-10-21-at-15.36.22-1152x1536.jpeg 1152w, https:\/\/www.aupasradis.fr\/wp-content\/uploads\/2025\/10\/WhatsApp-Image-2025-10-21-at-15.36.22.jpeg 1200w\" sizes=\"auto, (max-width: 768px) 100vw, 768px\" \/><figcaption class=\"wp-element-caption\">tr\u00e9sors de la nature<\/figcaption><\/figure>\n<\/figure>\n\n\n\n<div style=\"height:100px\" aria-hidden=\"true\" class=\"wp-block-spacer\"><\/div>\n\n\n\n<h2 class=\"wp-block-heading has-text-align-center\">Atelier de soin et nourrissage des animaux<\/h2>\n\n\n\n<p>Au Pas&#8230;Radis, notre petite ferme p\u00e9dagogique \u00e9volue petit \u00e0 petit et se compose de diff\u00e9rents animaux que nous vous proposons de caresser, nourrir, brosser, cajoler, discuter, amadouer !<\/p>\n\n\n\n<figure class=\"wp-block-gallery has-nested-images columns-default is-cropped wp-block-gallery-3 is-layout-flex wp-block-gallery-is-layout-flex\">\n<figure class=\"wp-block-image size-large\"><img loading=\"lazy\" decoding=\"async\" width=\"768\" height=\"1024\" data-id=\"210\" src=\"https:\/\/www.aupasradis.fr\/wp-content\/uploads\/2025\/04\/WhatsApp-Image-2025-04-08-at-08.35.06-1-1-768x1024.jpeg\" alt=\"\" class=\"wp-image-210\" srcset=\"https:\/\/www.aupasradis.fr\/wp-content\/uploads\/2025\/04\/WhatsApp-Image-2025-04-08-at-08.35.06-1-1-768x1024.jpeg 768w, https:\/\/www.aupasradis.fr\/wp-content\/uploads\/2025\/04\/WhatsApp-Image-2025-04-08-at-08.35.06-1-1-225x300.jpeg 225w, https:\/\/www.aupasradis.fr\/wp-content\/uploads\/2025\/04\/WhatsApp-Image-2025-04-08-at-08.35.06-1-1-1152x1536.jpeg 1152w, https:\/\/www.aupasradis.fr\/wp-content\/uploads\/2025\/04\/WhatsApp-Image-2025-04-08-at-08.35.06-1-1.jpeg 1200w\" sizes=\"auto, (max-width: 768px) 100vw, 768px\" \/><\/figure>\n\n\n\n<figure class=\"wp-block-image size-large\"><img loading=\"lazy\" decoding=\"async\" width=\"768\" height=\"1024\" data-id=\"213\" src=\"https:\/\/www.aupasradis.fr\/wp-content\/uploads\/2025\/04\/IMG_7098-1-768x1024.jpg\" alt=\"\" class=\"wp-image-213\" srcset=\"https:\/\/www.aupasradis.fr\/wp-content\/uploads\/2025\/04\/IMG_7098-1-768x1024.jpg 768w, https:\/\/www.aupasradis.fr\/wp-content\/uploads\/2025\/04\/IMG_7098-1-225x300.jpg 225w, https:\/\/www.aupasradis.fr\/wp-content\/uploads\/2025\/04\/IMG_7098-1-1152x1536.jpg 1152w, https:\/\/www.aupasradis.fr\/wp-content\/uploads\/2025\/04\/IMG_7098-1-1536x2048.jpg 1536w, https:\/\/www.aupasradis.fr\/wp-content\/uploads\/2025\/04\/IMG_7098-1-scaled.jpg 1920w\" sizes=\"auto, (max-width: 768px) 100vw, 768px\" \/><\/figure>\n\n\n\n<figure class=\"wp-block-image size-large\"><img loading=\"lazy\" decoding=\"async\" width=\"768\" height=\"1024\" data-id=\"470\" src=\"https:\/\/www.aupasradis.fr\/wp-content\/uploads\/2025\/10\/WhatsApp-Image-2025-10-28-at-14.13.44-768x1024.jpeg\" alt=\"\" class=\"wp-image-470\" srcset=\"https:\/\/www.aupasradis.fr\/wp-content\/uploads\/2025\/10\/WhatsApp-Image-2025-10-28-at-14.13.44-768x1024.jpeg 768w, https:\/\/www.aupasradis.fr\/wp-content\/uploads\/2025\/10\/WhatsApp-Image-2025-10-28-at-14.13.44-225x300.jpeg 225w, https:\/\/www.aupasradis.fr\/wp-content\/uploads\/2025\/10\/WhatsApp-Image-2025-10-28-at-14.13.44-1152x1536.jpeg 1152w, https:\/\/www.aupasradis.fr\/wp-content\/uploads\/2025\/10\/WhatsApp-Image-2025-10-28-at-14.13.44.jpeg 1536w\" sizes=\"auto, (max-width: 768px) 100vw, 768px\" \/><\/figure>\n<\/figure>\n\n\n\n<figure class=\"wp-block-gallery has-nested-images columns-default is-cropped wp-block-gallery-4 is-layout-flex wp-block-gallery-is-layout-flex\">\n<figure class=\"wp-block-image size-large\"><img loading=\"lazy\" decoding=\"async\" width=\"1024\" height=\"768\" data-id=\"466\" src=\"https:\/\/www.aupasradis.fr\/wp-content\/uploads\/2025\/10\/WhatsApp-Image-2025-10-24-at-16.33.45-1-1-1024x768.jpeg\" alt=\"\" class=\"wp-image-466\" srcset=\"https:\/\/www.aupasradis.fr\/wp-content\/uploads\/2025\/10\/WhatsApp-Image-2025-10-24-at-16.33.45-1-1-1024x768.jpeg 1024w, https:\/\/www.aupasradis.fr\/wp-content\/uploads\/2025\/10\/WhatsApp-Image-2025-10-24-at-16.33.45-1-1-300x225.jpeg 300w, https:\/\/www.aupasradis.fr\/wp-content\/uploads\/2025\/10\/WhatsApp-Image-2025-10-24-at-16.33.45-1-1-768x576.jpeg 768w, https:\/\/www.aupasradis.fr\/wp-content\/uploads\/2025\/10\/WhatsApp-Image-2025-10-24-at-16.33.45-1-1-1536x1152.jpeg 1536w, https:\/\/www.aupasradis.fr\/wp-content\/uploads\/2025\/10\/WhatsApp-Image-2025-10-24-at-16.33.45-1-1.jpeg 2048w\" sizes=\"auto, (max-width: 1024px) 100vw, 1024px\" \/><\/figure>\n\n\n\n<figure class=\"wp-block-image size-large\"><img loading=\"lazy\" decoding=\"async\" width=\"1024\" height=\"768\" data-id=\"469\" src=\"https:\/\/www.aupasradis.fr\/wp-content\/uploads\/2025\/10\/WhatsApp-Image-2025-10-03-at-19.02.31-10-1024x768.jpeg\" alt=\"\" class=\"wp-image-469\" srcset=\"https:\/\/www.aupasradis.fr\/wp-content\/uploads\/2025\/10\/WhatsApp-Image-2025-10-03-at-19.02.31-10-1024x768.jpeg 1024w, https:\/\/www.aupasradis.fr\/wp-content\/uploads\/2025\/10\/WhatsApp-Image-2025-10-03-at-19.02.31-10-300x225.jpeg 300w, https:\/\/www.aupasradis.fr\/wp-content\/uploads\/2025\/10\/WhatsApp-Image-2025-10-03-at-19.02.31-10-768x576.jpeg 768w, https:\/\/www.aupasradis.fr\/wp-content\/uploads\/2025\/10\/WhatsApp-Image-2025-10-03-at-19.02.31-10-1536x1152.jpeg 1536w, https:\/\/www.aupasradis.fr\/wp-content\/uploads\/2025\/10\/WhatsApp-Image-2025-10-03-at-19.02.31-10.jpeg 1600w\" sizes=\"auto, (max-width: 1024px) 100vw, 1024px\" \/><\/figure>\n<\/figure>\n\n\n\n<div style=\"height:100px\" aria-hidden=\"true\" class=\"wp-block-spacer\"><\/div>\n\n\n\n<h2 class=\"wp-block-heading has-text-align-center\">Ateliers de jardinage et d&rsquo;exp\u00e9rimentation du vivant <\/h2>\n\n\n\n<p>Ces ateliers sont mis en place pour que l&rsquo;enfant puisse \u00ab\u00a0mettre les mains dans la terre\u00a0\u00bb. Le but est de d\u00e9couvrir notre biotope, nos plantes. On s\u00e8me, on r\u00e9colte, on go\u00fbte, on d\u00e9couvre, on observe !<\/p>\n\n\n\n<figure class=\"wp-block-gallery has-nested-images columns-default is-cropped wp-block-gallery-6 is-layout-flex wp-block-gallery-is-layout-flex\">\n<figure class=\"wp-block-image size-large\"><img loading=\"lazy\" decoding=\"async\" width=\"768\" height=\"1024\" data-id=\"110\" src=\"https:\/\/www.aupasradis.fr\/wp-content\/uploads\/2025\/04\/WhatsApp-Image-2025-04-08-at-08.35.18-1-768x1024.jpeg\" alt=\"\" class=\"wp-image-110\" srcset=\"https:\/\/www.aupasradis.fr\/wp-content\/uploads\/2025\/04\/WhatsApp-Image-2025-04-08-at-08.35.18-1-768x1024.jpeg 768w, https:\/\/www.aupasradis.fr\/wp-content\/uploads\/2025\/04\/WhatsApp-Image-2025-04-08-at-08.35.18-1-225x300.jpeg 225w, https:\/\/www.aupasradis.fr\/wp-content\/uploads\/2025\/04\/WhatsApp-Image-2025-04-08-at-08.35.18-1-1152x1536.jpeg 1152w, https:\/\/www.aupasradis.fr\/wp-content\/uploads\/2025\/04\/WhatsApp-Image-2025-04-08-at-08.35.18-1.jpeg 1200w\" sizes=\"auto, (max-width: 768px) 100vw, 768px\" \/><\/figure>\n\n\n\n<figure class=\"wp-block-image size-large\"><img loading=\"lazy\" decoding=\"async\" width=\"768\" height=\"1024\" data-id=\"220\" src=\"https:\/\/www.aupasradis.fr\/wp-content\/uploads\/2025\/04\/WhatsApp-Image-2025-04-08-at-08.34.18-768x1024.jpeg\" alt=\"\" class=\"wp-image-220\" srcset=\"https:\/\/www.aupasradis.fr\/wp-content\/uploads\/2025\/04\/WhatsApp-Image-2025-04-08-at-08.34.18-768x1024.jpeg 768w, https:\/\/www.aupasradis.fr\/wp-content\/uploads\/2025\/04\/WhatsApp-Image-2025-04-08-at-08.34.18-225x300.jpeg 225w, https:\/\/www.aupasradis.fr\/wp-content\/uploads\/2025\/04\/WhatsApp-Image-2025-04-08-at-08.34.18-1152x1536.jpeg 1152w, https:\/\/www.aupasradis.fr\/wp-content\/uploads\/2025\/04\/WhatsApp-Image-2025-04-08-at-08.34.18.jpeg 1200w\" sizes=\"auto, (max-width: 768px) 100vw, 768px\" \/><\/figure>\n\n\n\n<figure class=\"wp-block-image size-large wp-duotone-unset-5\"><img loading=\"lazy\" decoding=\"async\" width=\"768\" height=\"1024\" data-id=\"381\" src=\"https:\/\/www.aupasradis.fr\/wp-content\/uploads\/2025\/05\/WhatsApp-Image-2025-05-02-at-15.10.23-1-768x1024.jpeg\" alt=\"\" class=\"wp-image-381\" srcset=\"https:\/\/www.aupasradis.fr\/wp-content\/uploads\/2025\/05\/WhatsApp-Image-2025-05-02-at-15.10.23-1-768x1024.jpeg 768w, https:\/\/www.aupasradis.fr\/wp-content\/uploads\/2025\/05\/WhatsApp-Image-2025-05-02-at-15.10.23-1-225x300.jpeg 225w, https:\/\/www.aupasradis.fr\/wp-content\/uploads\/2025\/05\/WhatsApp-Image-2025-05-02-at-15.10.23-1-1152x1536.jpeg 1152w, https:\/\/www.aupasradis.fr\/wp-content\/uploads\/2025\/05\/WhatsApp-Image-2025-05-02-at-15.10.23-1.jpeg 1536w\" sizes=\"auto, (max-width: 768px) 100vw, 768px\" \/><\/figure>\n<\/figure>\n\n\n\n<div style=\"height:100px\" aria-hidden=\"true\" class=\"wp-block-spacer\"><\/div>\n","protected":false},"excerpt":{"rendered":"<p>A la ferme p\u00e9dagogique du Pas&#8230;Radis, nous vous accueillons en classe ou en petits groupes (MAM, regroupement de particuliers, IEF, etc), pour la journ\u00e9e ou la demi-journ\u00e9e. Diff\u00e9rents ateliers vous sont propos\u00e9s, c&rsquo;est \u00e0 vous de composer votre programme. Selon le nombre que vous \u00eates, il sera possible d&rsquo;am\u00e9nager les [&hellip;]<\/p>\n","protected":false},"author":1,"featured_media":0,"parent":0,"menu_order":0,"comment_status":"closed","ping_status":"closed","template":"page-templates\/template-fullwidth.php","meta":{"footnotes":""},"class_list":["post-65","page","type-page","status-publish","hentry"],"_links":{"self":[{"href":"https:\/\/www.aupasradis.fr\/index.php\/wp-json\/wp\/v2\/pages\/65","targetHints":{"allow":["GET"]}}],"collection":[{"href":"https:\/\/www.aupasradis.fr\/index.php\/wp-json\/wp\/v2\/pages"}],"about":[{"href":"https:\/\/www.aupasradis.fr\/index.php\/wp-json\/wp\/v2\/types\/page"}],"author":[{"embeddable":true,"href":"https:\/\/www.aupasradis.fr\/index.php\/wp-json\/wp\/v2\/users\/1"}],"replies":[{"embeddable":true,"href":"https:\/\/www.aupasradis.fr\/index.php\/wp-json\/wp\/v2\/comments?post=65"}],"version-history":[{"count":33,"href":"https:\/\/www.aupasradis.fr\/index.php\/wp-json\/wp\/v2\/pages\/65\/revisions"}],"predecessor-version":[{"id":475,"href":"https:\/\/www.aupasradis.fr\/index.php\/wp-json\/wp\/v2\/pages\/65\/revisions\/475"}],"wp:attachment":[{"href":"https:\/\/www.aupasradis.fr\/index.php\/wp-json\/wp\/v2\/media?parent=65"}],"curies":[{"name":"wp","href":"https:\/\/api.w.org\/{rel}","templated":true}]}}