{"id":67,"date":"2025-04-24T10:15:44","date_gmt":"2025-04-24T08:15:44","guid":{"rendered":"http:\/\/www.aupasradis.fr\/?page_id=67"},"modified":"2025-10-23T11:13:42","modified_gmt":"2025-10-23T09:13:42","slug":"accueil-social","status":"publish","type":"page","link":"https:\/\/www.aupasradis.fr\/index.php\/accueil-social\/","title":{"rendered":"Accueil Social"},"content":{"rendered":"\n<p class=\"has-text-align-center has-accent-color has-text-color has-link-color wp-elements-89995fa01e889ef8076007b8d51c7e98\" style=\"font-size:20px\">Si&#8230;.<\/p>\n\n\n\n<p>Si tu as des difficult\u00e9s \u00e0 t\u2019int\u00e9grer, \u00e0 entrer en relation avec tes pairs, avec les adultes,<\/p>\n\n\n\n<p>Si tu ressens beaucoup de pression \u00e0 l\u2019\u00e9cole, que tu es au bord de la rupture scolaire,<\/p>\n\n\n\n<p>Si tu as besoin d\u2019une pause dans la semaine, pour te reconnecter et retrouver du sens \u00e0 tout ce qui se passe autour de toi,<\/p>\n\n\n\n<p>Si tu cherches ta place, ou si les lieux d\u2019accueil que tu as d\u00e9j\u00e0 c\u00f4toy\u00e9 ne te conviennent pas,<\/p>\n\n\n\n<p>Si tu \u00e0 l\u2019impression d\u2019\u00eatre incompris, d\u2019\u00eatre diff\u00e9rent mais pourtant tu fais tout pour passer inaper\u00e7u,<\/p>\n\n\n\n<p>Si les relations familiales te p\u00e8sent, o\u00f9 les conflits prennent le pas sur le quotidien doux d\u2019une famille,<\/p>\n\n\n\n<p>Si \u2026..<\/p>\n\n\n\n<figure class=\"wp-block-image size-large\"><img loading=\"lazy\" decoding=\"async\" width=\"1024\" height=\"768\" src=\"https:\/\/www.aupasradis.fr\/wp-content\/uploads\/2025\/05\/WhatsApp-Image-2025-04-30-at-14.29.34-1024x768.jpeg\" alt=\"\" class=\"wp-image-303\" srcset=\"https:\/\/www.aupasradis.fr\/wp-content\/uploads\/2025\/05\/WhatsApp-Image-2025-04-30-at-14.29.34-1024x768.jpeg 1024w, https:\/\/www.aupasradis.fr\/wp-content\/uploads\/2025\/05\/WhatsApp-Image-2025-04-30-at-14.29.34-300x225.jpeg 300w, https:\/\/www.aupasradis.fr\/wp-content\/uploads\/2025\/05\/WhatsApp-Image-2025-04-30-at-14.29.34-768x576.jpeg 768w, https:\/\/www.aupasradis.fr\/wp-content\/uploads\/2025\/05\/WhatsApp-Image-2025-04-30-at-14.29.34-1536x1152.jpeg 1536w, https:\/\/www.aupasradis.fr\/wp-content\/uploads\/2025\/05\/WhatsApp-Image-2025-04-30-at-14.29.34.jpeg 1600w\" sizes=\"auto, (max-width: 1024px) 100vw, 1024px\" \/><\/figure>\n\n\n\n<div style=\"height:100px\" aria-hidden=\"true\" class=\"wp-block-spacer\"><\/div>\n\n\n\n<p class=\"has-text-align-center has-black-color has-text-color has-link-color wp-elements-8ea66cfc76b6e6d478844771fe46150b\">Quelle que soit la raison, ou les raisons qui t\u2019am\u00e8nent vers nous, <\/p>\n\n\n\n<p class=\"has-text-align-center has-accent-color has-text-color has-link-color wp-elements-5c1f609642f080922883937cd74177a1\"><strong>nous t\u2019accueillerons comme tu es<\/strong>.<\/p>\n\n\n\n<p class=\"has-text-align-center has-accent-color has-text-color has-link-color has-medium-font-size wp-elements-6216dc25cab61fefab1c8e78f0b05f1b\"><strong>Au Pas&#8230;Radis, tu auras ta place, on t\u2019\u00e9coutera et on t\u2019aidera \u00e0 retrouver de la s\u00e9r\u00e9nit\u00e9.<\/strong><\/p>\n\n\n\n<div style=\"height:100px\" aria-hidden=\"true\" class=\"wp-block-spacer\"><\/div>\n\n\n\n<figure class=\"wp-block-gallery has-nested-images columns-default is-cropped wp-block-gallery-1 is-layout-flex wp-block-gallery-is-layout-flex\">\n<figure class=\"wp-block-image size-large\"><img loading=\"lazy\" decoding=\"async\" width=\"768\" height=\"1024\" data-id=\"445\" src=\"https:\/\/www.aupasradis.fr\/wp-content\/uploads\/2025\/10\/Design-sans-titre-768x1024.png\" alt=\"\" class=\"wp-image-445\" srcset=\"https:\/\/www.aupasradis.fr\/wp-content\/uploads\/2025\/10\/Design-sans-titre-768x1024.png 768w, https:\/\/www.aupasradis.fr\/wp-content\/uploads\/2025\/10\/Design-sans-titre-225x300.png 225w, https:\/\/www.aupasradis.fr\/wp-content\/uploads\/2025\/10\/Design-sans-titre-1152x1536.png 1152w, https:\/\/www.aupasradis.fr\/wp-content\/uploads\/2025\/10\/Design-sans-titre.png 1200w\" sizes=\"auto, (max-width: 768px) 100vw, 768px\" \/><\/figure>\n\n\n\n<figure class=\"wp-block-image size-large\"><img loading=\"lazy\" decoding=\"async\" width=\"1024\" height=\"768\" data-id=\"447\" src=\"https:\/\/www.aupasradis.fr\/wp-content\/uploads\/2025\/10\/photo-floutee-1024x768.png\" alt=\"\" class=\"wp-image-447\" srcset=\"https:\/\/www.aupasradis.fr\/wp-content\/uploads\/2025\/10\/photo-floutee-1024x768.png 1024w, https:\/\/www.aupasradis.fr\/wp-content\/uploads\/2025\/10\/photo-floutee-300x225.png 300w, https:\/\/www.aupasradis.fr\/wp-content\/uploads\/2025\/10\/photo-floutee-768x576.png 768w, https:\/\/www.aupasradis.fr\/wp-content\/uploads\/2025\/10\/photo-floutee-1536x1152.png 1536w, https:\/\/www.aupasradis.fr\/wp-content\/uploads\/2025\/10\/photo-floutee.png 1600w\" sizes=\"auto, (max-width: 1024px) 100vw, 1024px\" \/><\/figure>\n\n\n\n<figure class=\"wp-block-image size-large\"><img loading=\"lazy\" decoding=\"async\" width=\"768\" height=\"1024\" data-id=\"449\" src=\"https:\/\/www.aupasradis.fr\/wp-content\/uploads\/2025\/10\/20251003_111545-768x1024.jpg\" alt=\"\" class=\"wp-image-449\" srcset=\"https:\/\/www.aupasradis.fr\/wp-content\/uploads\/2025\/10\/20251003_111545-768x1024.jpg 768w, https:\/\/www.aupasradis.fr\/wp-content\/uploads\/2025\/10\/20251003_111545-225x300.jpg 225w, https:\/\/www.aupasradis.fr\/wp-content\/uploads\/2025\/10\/20251003_111545-1152x1536.jpg 1152w, https:\/\/www.aupasradis.fr\/wp-content\/uploads\/2025\/10\/20251003_111545-rotated.jpg 1512w\" sizes=\"auto, (max-width: 768px) 100vw, 768px\" \/><\/figure>\n<\/figure>\n\n\n\n<div style=\"height:100px\" aria-hidden=\"true\" class=\"wp-block-spacer\"><\/div>\n\n\n\n<p>Ici les accueils sont personnalis\u00e9s, c\u2019est-\u00e0-dire que chaque accueil est diff\u00e9rent et est co-construit entre toi, nous et ton environnement proche (famille, professionnel\u2026).<\/p>\n\n\n\n<p>Le travail en \u00e9quipe reste fondamental pour que l\u2019on puisse tous ensemble avancer sur le m\u00eame chemin\u2026<\/p>\n\n\n\n<p>Des r\u00e9unions de synth\u00e8se, des r\u00e9unions d\u2019analyse de pratique, un lien et une attention particuli\u00e8re \u00e0 la&nbsp; communication permettent d\u2019avoir une approche professionnelle, bienveillante et toujours au plus proche de tes besoins et envies. Des bilans \u00e9crits de chaque s\u00e9ance permettent de faire du lien.<\/p>\n\n\n\n<div style=\"height:100px\" aria-hidden=\"true\" class=\"wp-block-spacer\"><\/div>\n\n\n\n<figure class=\"wp-block-gallery has-nested-images columns-default is-cropped wp-block-gallery-2 is-layout-flex wp-block-gallery-is-layout-flex\">\n<figure class=\"wp-block-image size-large\"><img loading=\"lazy\" decoding=\"async\" width=\"768\" height=\"1024\" data-id=\"458\" src=\"https:\/\/www.aupasradis.fr\/wp-content\/uploads\/2025\/10\/WhatsApp-Image-2025-10-03-at-19.03.06-6-768x1024.jpeg\" alt=\"\" class=\"wp-image-458\" srcset=\"https:\/\/www.aupasradis.fr\/wp-content\/uploads\/2025\/10\/WhatsApp-Image-2025-10-03-at-19.03.06-6-768x1024.jpeg 768w, https:\/\/www.aupasradis.fr\/wp-content\/uploads\/2025\/10\/WhatsApp-Image-2025-10-03-at-19.03.06-6-225x300.jpeg 225w, https:\/\/www.aupasradis.fr\/wp-content\/uploads\/2025\/10\/WhatsApp-Image-2025-10-03-at-19.03.06-6-1152x1536.jpeg 1152w, https:\/\/www.aupasradis.fr\/wp-content\/uploads\/2025\/10\/WhatsApp-Image-2025-10-03-at-19.03.06-6.jpeg 1200w\" sizes=\"auto, (max-width: 768px) 100vw, 768px\" \/><\/figure>\n\n\n\n<figure class=\"wp-block-image size-large\"><img loading=\"lazy\" decoding=\"async\" width=\"1024\" height=\"768\" data-id=\"451\" src=\"https:\/\/www.aupasradis.fr\/wp-content\/uploads\/2025\/10\/20251021_111800-1024x768.jpg\" alt=\"\" class=\"wp-image-451\" srcset=\"https:\/\/www.aupasradis.fr\/wp-content\/uploads\/2025\/10\/20251021_111800-1024x768.jpg 1024w, https:\/\/www.aupasradis.fr\/wp-content\/uploads\/2025\/10\/20251021_111800-300x225.jpg 300w, https:\/\/www.aupasradis.fr\/wp-content\/uploads\/2025\/10\/20251021_111800-768x576.jpg 768w, https:\/\/www.aupasradis.fr\/wp-content\/uploads\/2025\/10\/20251021_111800-1536x1152.jpg 1536w, https:\/\/www.aupasradis.fr\/wp-content\/uploads\/2025\/10\/20251021_111800.jpg 2016w\" sizes=\"auto, (max-width: 1024px) 100vw, 1024px\" \/><\/figure>\n\n\n\n<figure class=\"wp-block-image size-large\"><img loading=\"lazy\" decoding=\"async\" width=\"768\" height=\"1024\" data-id=\"452\" src=\"https:\/\/www.aupasradis.fr\/wp-content\/uploads\/2025\/10\/WhatsApp-Image-2025-10-21-at-15.36.22-1-768x1024.jpeg\" alt=\"\" class=\"wp-image-452\" srcset=\"https:\/\/www.aupasradis.fr\/wp-content\/uploads\/2025\/10\/WhatsApp-Image-2025-10-21-at-15.36.22-1-768x1024.jpeg 768w, https:\/\/www.aupasradis.fr\/wp-content\/uploads\/2025\/10\/WhatsApp-Image-2025-10-21-at-15.36.22-1-225x300.jpeg 225w, https:\/\/www.aupasradis.fr\/wp-content\/uploads\/2025\/10\/WhatsApp-Image-2025-10-21-at-15.36.22-1-1152x1536.jpeg 1152w, https:\/\/www.aupasradis.fr\/wp-content\/uploads\/2025\/10\/WhatsApp-Image-2025-10-21-at-15.36.22-1.jpeg 1200w\" sizes=\"auto, (max-width: 768px) 100vw, 768px\" \/><\/figure>\n<\/figure>\n\n\n\n<figure class=\"wp-block-gallery has-nested-images columns-default is-cropped wp-block-gallery-3 is-layout-flex wp-block-gallery-is-layout-flex\">\n<figure class=\"wp-block-image size-large\"><img loading=\"lazy\" decoding=\"async\" width=\"1024\" height=\"768\" data-id=\"454\" src=\"https:\/\/www.aupasradis.fr\/wp-content\/uploads\/2025\/10\/Design-sans-titre-1-1024x768.png\" alt=\"\" class=\"wp-image-454\" srcset=\"https:\/\/www.aupasradis.fr\/wp-content\/uploads\/2025\/10\/Design-sans-titre-1-1024x768.png 1024w, https:\/\/www.aupasradis.fr\/wp-content\/uploads\/2025\/10\/Design-sans-titre-1-300x225.png 300w, https:\/\/www.aupasradis.fr\/wp-content\/uploads\/2025\/10\/Design-sans-titre-1-768x576.png 768w, https:\/\/www.aupasradis.fr\/wp-content\/uploads\/2025\/10\/Design-sans-titre-1-1536x1152.png 1536w, https:\/\/www.aupasradis.fr\/wp-content\/uploads\/2025\/10\/Design-sans-titre-1.png 1600w\" sizes=\"auto, (max-width: 1024px) 100vw, 1024px\" \/><\/figure>\n\n\n\n<figure class=\"wp-block-image size-large\"><img loading=\"lazy\" decoding=\"async\" width=\"1024\" height=\"768\" data-id=\"456\" src=\"https:\/\/www.aupasradis.fr\/wp-content\/uploads\/2025\/10\/20251003_110147-1-1024x768.jpg\" alt=\"\" class=\"wp-image-456\" srcset=\"https:\/\/www.aupasradis.fr\/wp-content\/uploads\/2025\/10\/20251003_110147-1-1024x768.jpg 1024w, https:\/\/www.aupasradis.fr\/wp-content\/uploads\/2025\/10\/20251003_110147-1-300x225.jpg 300w, https:\/\/www.aupasradis.fr\/wp-content\/uploads\/2025\/10\/20251003_110147-1-768x576.jpg 768w, https:\/\/www.aupasradis.fr\/wp-content\/uploads\/2025\/10\/20251003_110147-1-1536x1152.jpg 1536w, https:\/\/www.aupasradis.fr\/wp-content\/uploads\/2025\/10\/20251003_110147-1.jpg 2016w\" sizes=\"auto, (max-width: 1024px) 100vw, 1024px\" \/><\/figure>\n<\/figure>\n\n\n\n<div style=\"height:100px\" aria-hidden=\"true\" class=\"wp-block-spacer\"><\/div>\n\n\n\n<p>L\u2019immersion dans la nature, les activit\u00e9s dehors, le soin des animaux, une approche sensorielle et le fait de prendre son temps sont les bases de l\u2019accompagnement que l\u2019on va te proposer.<\/p>\n\n\n\n<div style=\"height:100px\" aria-hidden=\"true\" class=\"wp-block-spacer\"><\/div>\n\n\n\n<p class=\"has-text-align-center has-accent-color has-text-color has-link-color has-large-font-size wp-elements-99a68a3efad9ba0d1f5c827662291b08\">Au Pas Radis, on peut :<\/p>\n\n\n\n<div style=\"height:100px\" aria-hidden=\"true\" class=\"wp-block-spacer\"><\/div>\n\n\n\n<p class=\"has-text-align-center has-text-color\" style=\"color:#2828d9;font-size:20px\">Juste venir se poser, boire une tisane de menthe que l\u2019on aura cueilli et fait s\u00e9cher au pr\u00e9alable et prendre le temps\u2026<\/p>\n\n\n\n<p class=\"has-text-align-center has-text-color has-link-color has-medium-font-size wp-elements-e0446716f42b08a489a14f5ba54199ad\" style=\"color:#33af39\">Partir \u00e0 la recherche d\u2019exuvies (c\u2019est la mue des larves de libellules) tout autour des \u00e9tangs avec une loupe, puis faire des recherches pour se renseigner sur la vie des libellules et ensuite pr\u00e9senter un expos\u00e9 devant sa classe sur ce sujet passionnant,<\/p>\n\n\n\n<p class=\"has-text-align-center has-text-color has-link-color has-medium-font-size wp-elements-bd289c72debc29e14f5a6ad403ba1ca8\" style=\"color:#c42929\">Pr\u00e9parer la nourriture pour les poules gr\u00e2ce \u00e0 un s\u00e9quentiel photo, s\u2019approcher d\u2019elles doucement et petit \u00e0 petit gagner en confiance et r\u00e9ussir \u00e0 leur donner \u00e0 la main,<\/p>\n\n\n\n<p class=\"has-text-align-center has-text-color has-link-color has-medium-font-size wp-elements-788486639681ee8d94e1867d949883e0\" style=\"color:#9d1ad5\">Gr\u00e2ce \u00e0 des s\u00e9ances ritualis\u00e9es, avec ou sans l\u2019aide de pictos, choisir l\u2019activit\u00e9 qui nous plait \u00e0 ce moment l\u00e0 (jardinage, taille des haies, r\u00e9colte des fruits et l\u00e9gumes, cuisine, balade en for\u00eat, promenade en barque, activit\u00e9s manuelles et artistiques, se reposer sur un banc dans le parc, observer les grenouilles et les oiseaux\u2026),<\/p>\n\n\n\n<p class=\"has-text-align-center has-text-color has-link-color has-medium-font-size wp-elements-28f440bf0a9a50966264bc0c27ba6c73\" style=\"color:#c95b29\">Mener un projet (du d\u00e9but \u00e0 la fin) qui nous anime comme par exemple construire un enclos avec du mat\u00e9riel de \u00ab r\u00e9cup \u00bb pour les futurs lapins qui devraient bient\u00f4t arriver,<\/p>\n\n\n\n<p class=\"has-text-align-center has-text-color has-link-color has-medium-font-size wp-elements-01f951cc6ec1ea99b17596de7d68d52f\" style=\"color:#ed34ac\">Fabriquer un bateau en jonc sauvage et le faire voguer sur la mini cascade,<\/p>\n\n\n<div class=\"wp-block-image\">\n<figure class=\"aligncenter size-full is-resized\"><img loading=\"lazy\" decoding=\"async\" width=\"785\" height=\"589\" src=\"https:\/\/www.aupasradis.fr\/wp-content\/uploads\/2025\/05\/WhatsApp-Image-2025-04-29-at-22.17.59.jpeg\" alt=\"\" class=\"wp-image-306\" style=\"width:512px;height:auto\" srcset=\"https:\/\/www.aupasradis.fr\/wp-content\/uploads\/2025\/05\/WhatsApp-Image-2025-04-29-at-22.17.59.jpeg 785w, https:\/\/www.aupasradis.fr\/wp-content\/uploads\/2025\/05\/WhatsApp-Image-2025-04-29-at-22.17.59-300x225.jpeg 300w, https:\/\/www.aupasradis.fr\/wp-content\/uploads\/2025\/05\/WhatsApp-Image-2025-04-29-at-22.17.59-768x576.jpeg 768w\" sizes=\"auto, (max-width: 785px) 100vw, 785px\" \/><\/figure>\n<\/div>\n\n\n<div style=\"height:100px\" aria-hidden=\"true\" class=\"wp-block-spacer\"><\/div>\n","protected":false},"excerpt":{"rendered":"<p>Si&#8230;. Si tu as des difficult\u00e9s \u00e0 t\u2019int\u00e9grer, \u00e0 entrer en relation avec tes pairs, avec les adultes, Si tu ressens beaucoup de pression \u00e0 l\u2019\u00e9cole, que tu es au bord de la rupture scolaire, Si tu as besoin d\u2019une pause dans la semaine, pour te reconnecter et retrouver du [&hellip;]<\/p>\n","protected":false},"author":1,"featured_media":0,"parent":0,"menu_order":0,"comment_status":"closed","ping_status":"closed","template":"","meta":{"footnotes":""},"class_list":["post-67","page","type-page","status-publish","hentry"],"_links":{"self":[{"href":"https:\/\/www.aupasradis.fr\/index.php\/wp-json\/wp\/v2\/pages\/67","targetHints":{"allow":["GET"]}}],"collection":[{"href":"https:\/\/www.aupasradis.fr\/index.php\/wp-json\/wp\/v2\/pages"}],"about":[{"href":"https:\/\/www.aupasradis.fr\/index.php\/wp-json\/wp\/v2\/types\/page"}],"author":[{"embeddable":true,"href":"https:\/\/www.aupasradis.fr\/index.php\/wp-json\/wp\/v2\/users\/1"}],"replies":[{"embeddable":true,"href":"https:\/\/www.aupasradis.fr\/index.php\/wp-json\/wp\/v2\/comments?post=67"}],"version-history":[{"count":22,"href":"https:\/\/www.aupasradis.fr\/index.php\/wp-json\/wp\/v2\/pages\/67\/revisions"}],"predecessor-version":[{"id":459,"href":"https:\/\/www.aupasradis.fr\/index.php\/wp-json\/wp\/v2\/pages\/67\/revisions\/459"}],"wp:attachment":[{"href":"https:\/\/www.aupasradis.fr\/index.php\/wp-json\/wp\/v2\/media?parent=67"}],"curies":[{"name":"wp","href":"https:\/\/api.w.org\/{rel}","templated":true}]}}