{"id":69,"date":"2025-04-24T10:16:00","date_gmt":"2025-04-24T08:16:00","guid":{"rendered":"http:\/\/www.aupasradis.fr\/?page_id=69"},"modified":"2025-10-23T10:34:48","modified_gmt":"2025-10-23T08:34:48","slug":"chantier-educatif","status":"publish","type":"page","link":"https:\/\/www.aupasradis.fr\/index.php\/chantier-educatif\/","title":{"rendered":"Chantier \u00e9ducatif"},"content":{"rendered":"\n<p class=\"has-text-align-center has-text-color has-link-color wp-elements-39b04bef1a28c9d163b7a9285d15f146\" style=\"color:#367beb\"><strong>Un chantier \u00e9ducatif, c&rsquo;est quoi  Au Pas&#8230;Radis ?<\/strong><\/p>\n\n\n\n<p class=\"has-text-align-center has-black-color has-text-color has-link-color wp-elements-4798b620a14d2593c6150cae14f1954f\">Prendre le temps de trouver son chemin<\/p>\n\n\n\n<p>Nous proposons des \u00ab&nbsp;chantiers collectifs&nbsp;\u00bb centr\u00e9s sur des activit\u00e9s vari\u00e9es (jardinage, soin des animaux, cueillette et cuisine, bricolage simple&#8230;)  en lien avec notre fil rouge qui est de tendre vers l&rsquo;autonomie et de cr\u00e9er un lieu collectif d&rsquo;accueil et de d\u00e9couverte du vivant o\u00f9 chacun\/e se sente \u00e0 sa place.  <\/p>\n\n\n\n<p>Aimer les animaux, le jardinage, le \u00ab&nbsp;dehors&nbsp;\u00bb est un plus mais n\u2019est pas indispensable. Nous ne sommes pas un ESAT espace vert.<\/p>\n\n\n\n<p><strong>Le but de ces \u00ab&nbsp;mises en situation&nbsp;\u00bb est de faire \u00e9merger des envies, de restaurer la confiance en soi, de cr\u00e9er du lien social et d\u2019accompagner les jeunes sur ce passage \u00e0 l\u2019\u00e2ge adulte.<\/strong><\/p>\n\n\n\n<p>Les groupes seront de petites taille (maximum 5 pour deux \u00e9ducatrices) afin de mettre en avant la qualit\u00e9 d\u2019\u00e9coute et d\u2019accompagnement&nbsp; mais aussi de favoriser les \u00e9changes et la bienveillance.<\/p>\n\n\n\n<p class=\"has-text-align-center has-black-color has-text-color has-link-color wp-elements-31ef8a46bf82daa30dab4b6adf99fd54\"><\/p>\n\n\n\n<p class=\"has-text-align-center has-black-color has-text-color has-link-color wp-elements-31ef8a46bf82daa30dab4b6adf99fd54\"><\/p>\n\n\n\n<p class=\"has-text-align-center has-text-color has-link-color wp-elements-084a171e4901d1c19ba1a37ee9a2e1ff\" style=\"color:#e048bf\"><strong><strong>Pour qui ?<\/strong><\/strong><\/p>\n\n\n\n<p>Nous souhaitons accueillir des jeunes entre <strong>16 et 30 ans<\/strong> confront\u00e9s \u00e0 des d\u00e9fis \u00e9ducatifs, scolaires ou sociaux.<\/p>\n\n\n\n<p>L\u2019action est donc adapt\u00e9e, \u00e0 des jeunes suivi\/es (ou non) par des \u00e9ducateurs\/trices pour leur fragilit\u00e9, leur histoire, ou leur handicap qui les \u00e9loignent du monde du travail.<\/p>\n\n\n\n<p class=\"has-text-align-center has-text-color has-link-color wp-elements-4147d3d604a522c79abf33c1813c6224\" style=\"color:#1ee1e8\"><strong>Pour faire quoi ?<\/strong><\/p>\n\n\n\n<figure class=\"wp-block-gallery has-nested-images columns-default is-cropped wp-block-gallery-1 is-layout-flex wp-block-gallery-is-layout-flex\">\n<figure class=\"wp-block-image size-large is-resized\"><img loading=\"lazy\" decoding=\"async\" width=\"1024\" height=\"768\" data-id=\"399\" src=\"https:\/\/www.aupasradis.fr\/wp-content\/uploads\/2025\/05\/WhatsApp-Image-2025-05-02-at-15.10.23-1024x768.jpeg\" alt=\"\" class=\"wp-image-399\" style=\"width:319px;height:auto\" srcset=\"https:\/\/www.aupasradis.fr\/wp-content\/uploads\/2025\/05\/WhatsApp-Image-2025-05-02-at-15.10.23-1024x768.jpeg 1024w, https:\/\/www.aupasradis.fr\/wp-content\/uploads\/2025\/05\/WhatsApp-Image-2025-05-02-at-15.10.23-300x225.jpeg 300w, https:\/\/www.aupasradis.fr\/wp-content\/uploads\/2025\/05\/WhatsApp-Image-2025-05-02-at-15.10.23-768x576.jpeg 768w, https:\/\/www.aupasradis.fr\/wp-content\/uploads\/2025\/05\/WhatsApp-Image-2025-05-02-at-15.10.23-1536x1152.jpeg 1536w, https:\/\/www.aupasradis.fr\/wp-content\/uploads\/2025\/05\/WhatsApp-Image-2025-05-02-at-15.10.23.jpeg 2048w\" sizes=\"auto, (max-width: 1024px) 100vw, 1024px\" \/><figcaption class=\"wp-element-caption\">planter au potager<\/figcaption><\/figure>\n\n\n\n<figure class=\"wp-block-image size-large\"><img loading=\"lazy\" decoding=\"async\" width=\"1024\" height=\"768\" data-id=\"430\" src=\"https:\/\/www.aupasradis.fr\/wp-content\/uploads\/2025\/10\/Design-sans-titre-4-1024x768.png\" alt=\"\" class=\"wp-image-430\" srcset=\"https:\/\/www.aupasradis.fr\/wp-content\/uploads\/2025\/10\/Design-sans-titre-4-1024x768.png 1024w, https:\/\/www.aupasradis.fr\/wp-content\/uploads\/2025\/10\/Design-sans-titre-4-300x225.png 300w, https:\/\/www.aupasradis.fr\/wp-content\/uploads\/2025\/10\/Design-sans-titre-4-768x576.png 768w, https:\/\/www.aupasradis.fr\/wp-content\/uploads\/2025\/10\/Design-sans-titre-4-1536x1152.png 1536w, https:\/\/www.aupasradis.fr\/wp-content\/uploads\/2025\/10\/Design-sans-titre-4.png 1600w\" sizes=\"auto, (max-width: 1024px) 100vw, 1024px\" \/><figcaption class=\"wp-element-caption\">observer les lapereaux et les c\u00e2liner si on reste calme<\/figcaption><\/figure>\n<\/figure>\n\n\n\n<figure class=\"wp-block-gallery has-nested-images columns-default is-cropped wp-block-gallery-2 is-layout-flex wp-block-gallery-is-layout-flex\">\n<figure class=\"wp-block-image size-large\"><img loading=\"lazy\" decoding=\"async\" width=\"768\" height=\"1024\" data-id=\"428\" src=\"https:\/\/www.aupasradis.fr\/wp-content\/uploads\/2025\/10\/Design-sans-titre-3-768x1024.png\" alt=\"\" class=\"wp-image-428\" srcset=\"https:\/\/www.aupasradis.fr\/wp-content\/uploads\/2025\/10\/Design-sans-titre-3-768x1024.png 768w, https:\/\/www.aupasradis.fr\/wp-content\/uploads\/2025\/10\/Design-sans-titre-3-225x300.png 225w, https:\/\/www.aupasradis.fr\/wp-content\/uploads\/2025\/10\/Design-sans-titre-3-1152x1536.png 1152w, https:\/\/www.aupasradis.fr\/wp-content\/uploads\/2025\/10\/Design-sans-titre-3.png 1200w\" sizes=\"auto, (max-width: 768px) 100vw, 768px\" \/><figcaption class=\"wp-element-caption\">construire le clapier \u00e0 lapins<\/figcaption><\/figure>\n\n\n\n<figure class=\"wp-block-image size-large\"><img loading=\"lazy\" decoding=\"async\" width=\"1024\" height=\"768\" data-id=\"429\" src=\"https:\/\/www.aupasradis.fr\/wp-content\/uploads\/2025\/10\/Design-sans-titre-2-1-1024x768.png\" alt=\"\" class=\"wp-image-429\" srcset=\"https:\/\/www.aupasradis.fr\/wp-content\/uploads\/2025\/10\/Design-sans-titre-2-1-1024x768.png 1024w, https:\/\/www.aupasradis.fr\/wp-content\/uploads\/2025\/10\/Design-sans-titre-2-1-300x225.png 300w, https:\/\/www.aupasradis.fr\/wp-content\/uploads\/2025\/10\/Design-sans-titre-2-1-768x576.png 768w, https:\/\/www.aupasradis.fr\/wp-content\/uploads\/2025\/10\/Design-sans-titre-2-1-1536x1152.png 1536w, https:\/\/www.aupasradis.fr\/wp-content\/uploads\/2025\/10\/Design-sans-titre-2-1.png 1600w\" sizes=\"auto, (max-width: 1024px) 100vw, 1024px\" \/><\/figure>\n\n\n\n<figure class=\"wp-block-image size-large\"><img loading=\"lazy\" decoding=\"async\" width=\"768\" height=\"1024\" data-id=\"431\" src=\"https:\/\/www.aupasradis.fr\/wp-content\/uploads\/2025\/10\/Design-sans-titre-5-768x1024.png\" alt=\"\" class=\"wp-image-431\" srcset=\"https:\/\/www.aupasradis.fr\/wp-content\/uploads\/2025\/10\/Design-sans-titre-5-768x1024.png 768w, https:\/\/www.aupasradis.fr\/wp-content\/uploads\/2025\/10\/Design-sans-titre-5-225x300.png 225w, https:\/\/www.aupasradis.fr\/wp-content\/uploads\/2025\/10\/Design-sans-titre-5-1152x1536.png 1152w, https:\/\/www.aupasradis.fr\/wp-content\/uploads\/2025\/10\/Design-sans-titre-5.png 1200w\" sizes=\"auto, (max-width: 768px) 100vw, 768px\" \/><figcaption class=\"wp-element-caption\">faire du papier recycl\u00e9 un jour de pluie<\/figcaption><\/figure>\n\n\n\n<figure class=\"wp-block-image size-large\"><img loading=\"lazy\" decoding=\"async\" width=\"1024\" height=\"898\" data-id=\"438\" src=\"https:\/\/www.aupasradis.fr\/wp-content\/uploads\/2025\/10\/Design-sans-titre-6-1-1024x898.png\" alt=\"\" class=\"wp-image-438\" srcset=\"https:\/\/www.aupasradis.fr\/wp-content\/uploads\/2025\/10\/Design-sans-titre-6-1-1024x898.png 1024w, https:\/\/www.aupasradis.fr\/wp-content\/uploads\/2025\/10\/Design-sans-titre-6-1-300x263.png 300w, https:\/\/www.aupasradis.fr\/wp-content\/uploads\/2025\/10\/Design-sans-titre-6-1-768x673.png 768w, https:\/\/www.aupasradis.fr\/wp-content\/uploads\/2025\/10\/Design-sans-titre-6-1.png 1200w\" sizes=\"auto, (max-width: 1024px) 100vw, 1024px\" \/><figcaption class=\"wp-element-caption\">fin de s\u00e9ance aupr\u00e8s des chevaux et des \u00e2nes<\/figcaption><\/figure>\n<\/figure>\n\n\n\n<div style=\"height:100px\" aria-hidden=\"true\" class=\"wp-block-spacer\"><\/div>\n\n\n\n<p>Les chantiers \u00e9ducatifs sont pr\u00e9vus sous forme de <strong>demi-journ\u00e9e<\/strong>, de <strong>journ\u00e9e enti\u00e8re<\/strong> et m\u00eame de<strong> cycle<\/strong> (1 jour par semaine pendant un mois\/trimestre, plusieurs jours par mois sur une dur\u00e9e d\u00e9termin\u00e9e, etc). Ils sont construits ensemble, en \u00e9quipe, afin de pouvoir s&rsquo;adapter aux besoins sp\u00e9cifiques de chacun\/e.<\/p>\n\n\n\n<p>Les jeunes sont impliqu\u00e9\/es dans des activit\u00e9s pratiques et enrichissantes, qui visent \u00e0 :<\/p>\n\n\n\n<ul class=\"wp-block-list\">\n<li class=\"has-text-color has-link-color wp-elements-5728146e5682911b9e6bf2bb916d27c6\" style=\"color:#d83e18\"><strong>Redonner du sens \u00e0 leur quotidien<\/strong>&nbsp;: en les associant \u00e0 des t\u00e2ches concr\u00e8tes et valorisantes, leur permettant de retrouver confiance en leurs capacit\u00e9s.<\/li>\n\n\n\n<li class=\"has-text-color has-link-color wp-elements-5efd00b38651e437edbc22b4b6554d58\" style=\"color:#4c15d7\"><strong>Transmettre des valeurs<\/strong>&nbsp;: comme la responsabilit\u00e9, le respect de l\u2019environnement et de soi-m\u00eame.<\/li>\n\n\n\n<li class=\"has-text-color has-link-color wp-elements-8d4084639e652995505c1c222a979c51\" style=\"color:#c0b815\"><strong>Ravir leur curiosit\u00e9 et leur motivation<\/strong>&nbsp;: en stimulant l\u2019apprentissage par l\u2019action et l\u2019exp\u00e9rience directe.<\/li>\n<\/ul>\n\n\n\n<p>En int\u00e9grant ces jeunes dans la vie du lieu, nous leur offrons un&nbsp;<strong>espace s\u00e9curis\u00e9 et inspirant pour grandir et \u00e9voluer.<\/strong> Par la red\u00e9couverte de la nature et des interactions bienveillantes avec les animaux, ces jeunes trouvent un nouvel \u00e9quilibre et une motivation renouvel\u00e9e pour les d\u00e9fis \u00e0 venir.<\/p>\n\n\n\n<p class=\"has-text-align-center has-text-color has-link-color wp-elements-b2aaa862af7ba4ca1f512cb9ce2fdb7a\" style=\"color:#41be29\"><strong>Mais concr\u00e8tement, on fait quoi ?<\/strong><\/p>\n\n\n\n<p>Et bien concr\u00e8tement, on prend le temps.<\/p>\n\n\n\n<p>Le temps de se chercher, de pouvoir se poser des questions, d&rsquo;observer ce qui nous entoure, de sentir et de ressentir.<\/p>\n\n\n\n<p>Et vient ensuite le temps de l&rsquo;action. <\/p>\n\n\n\n<p>Il s&rsquo;agira de cr\u00e9er pour se sentir valoris\u00e9 , d&rsquo;aider sur la multitude de t\u00e2ches \u00e0 accomplir chaque jour au Pas&#8230;Radis. Notre petit coin \u00e9voluera chaque jour un peu plus gr\u00e2ce \u00e0 un projet concret et un travail de coop\u00e9ration.<\/p>\n\n\n\n<figure class=\"wp-block-gallery aligncenter has-nested-images columns-default is-cropped wp-block-gallery-3 is-layout-flex wp-block-gallery-is-layout-flex\">\n<figure class=\"wp-block-image size-large\"><img loading=\"lazy\" decoding=\"async\" width=\"768\" height=\"1024\" data-id=\"443\" src=\"https:\/\/www.aupasradis.fr\/wp-content\/uploads\/2025\/10\/Design-sans-titre5-768x1024.png\" alt=\"\" class=\"wp-image-443\" srcset=\"https:\/\/www.aupasradis.fr\/wp-content\/uploads\/2025\/10\/Design-sans-titre5-768x1024.png 768w, https:\/\/www.aupasradis.fr\/wp-content\/uploads\/2025\/10\/Design-sans-titre5-225x300.png 225w, https:\/\/www.aupasradis.fr\/wp-content\/uploads\/2025\/10\/Design-sans-titre5-1152x1536.png 1152w, https:\/\/www.aupasradis.fr\/wp-content\/uploads\/2025\/10\/Design-sans-titre5.png 1200w\" sizes=\"auto, (max-width: 768px) 100vw, 768px\" \/><\/figure>\n\n\n\n<figure class=\"wp-block-image size-large\"><img loading=\"lazy\" decoding=\"async\" width=\"768\" height=\"1024\" data-id=\"312\" src=\"https:\/\/www.aupasradis.fr\/wp-content\/uploads\/2025\/05\/WhatsApp-Image-2025-04-29-at-22.25.38-768x1024.jpg\" alt=\"\" class=\"wp-image-312\" srcset=\"https:\/\/www.aupasradis.fr\/wp-content\/uploads\/2025\/05\/WhatsApp-Image-2025-04-29-at-22.25.38-768x1024.jpg 768w, https:\/\/www.aupasradis.fr\/wp-content\/uploads\/2025\/05\/WhatsApp-Image-2025-04-29-at-22.25.38-225x300.jpg 225w, https:\/\/www.aupasradis.fr\/wp-content\/uploads\/2025\/05\/WhatsApp-Image-2025-04-29-at-22.25.38-1152x1536.jpg 1152w, https:\/\/www.aupasradis.fr\/wp-content\/uploads\/2025\/05\/WhatsApp-Image-2025-04-29-at-22.25.38.jpg 1200w\" sizes=\"auto, (max-width: 768px) 100vw, 768px\" \/><\/figure>\n\n\n\n<figure class=\"wp-block-image size-large\"><img loading=\"lazy\" decoding=\"async\" width=\"682\" height=\"1024\" data-id=\"401\" src=\"https:\/\/www.aupasradis.fr\/wp-content\/uploads\/2025\/05\/WhatsApp-Image-2025-04-29-at-22.36.42-682x1024.jpeg\" alt=\"\" class=\"wp-image-401\" srcset=\"https:\/\/www.aupasradis.fr\/wp-content\/uploads\/2025\/05\/WhatsApp-Image-2025-04-29-at-22.36.42-682x1024.jpeg 682w, https:\/\/www.aupasradis.fr\/wp-content\/uploads\/2025\/05\/WhatsApp-Image-2025-04-29-at-22.36.42-200x300.jpeg 200w, https:\/\/www.aupasradis.fr\/wp-content\/uploads\/2025\/05\/WhatsApp-Image-2025-04-29-at-22.36.42-768x1153.jpeg 768w, https:\/\/www.aupasradis.fr\/wp-content\/uploads\/2025\/05\/WhatsApp-Image-2025-04-29-at-22.36.42-1023x1536.jpeg 1023w, https:\/\/www.aupasradis.fr\/wp-content\/uploads\/2025\/05\/WhatsApp-Image-2025-04-29-at-22.36.42.jpeg 1066w\" sizes=\"auto, (max-width: 682px) 100vw, 682px\" \/><\/figure>\n\n\n\n<figure class=\"wp-block-image size-large\"><img loading=\"lazy\" decoding=\"async\" width=\"768\" height=\"1024\" data-id=\"440\" src=\"https:\/\/www.aupasradis.fr\/wp-content\/uploads\/2025\/10\/WhatsApp-Image-2025-10-03-at-19.02.31-6-768x1024.jpeg\" alt=\"\" class=\"wp-image-440\" srcset=\"https:\/\/www.aupasradis.fr\/wp-content\/uploads\/2025\/10\/WhatsApp-Image-2025-10-03-at-19.02.31-6-768x1024.jpeg 768w, https:\/\/www.aupasradis.fr\/wp-content\/uploads\/2025\/10\/WhatsApp-Image-2025-10-03-at-19.02.31-6-225x300.jpeg 225w, https:\/\/www.aupasradis.fr\/wp-content\/uploads\/2025\/10\/WhatsApp-Image-2025-10-03-at-19.02.31-6-1152x1536.jpeg 1152w, https:\/\/www.aupasradis.fr\/wp-content\/uploads\/2025\/10\/WhatsApp-Image-2025-10-03-at-19.02.31-6.jpeg 1200w\" sizes=\"auto, (max-width: 768px) 100vw, 768px\" \/><\/figure>\n\n\n\n<figure class=\"wp-block-image size-large\"><img loading=\"lazy\" decoding=\"async\" width=\"1024\" height=\"768\" data-id=\"313\" src=\"https:\/\/www.aupasradis.fr\/wp-content\/uploads\/2025\/05\/WhatsApp-Image-2025-04-29-at-22.29.52-1024x768.jpg\" alt=\"\" class=\"wp-image-313\" srcset=\"https:\/\/www.aupasradis.fr\/wp-content\/uploads\/2025\/05\/WhatsApp-Image-2025-04-29-at-22.29.52-1024x768.jpg 1024w, https:\/\/www.aupasradis.fr\/wp-content\/uploads\/2025\/05\/WhatsApp-Image-2025-04-29-at-22.29.52-300x225.jpg 300w, https:\/\/www.aupasradis.fr\/wp-content\/uploads\/2025\/05\/WhatsApp-Image-2025-04-29-at-22.29.52-768x576.jpg 768w, https:\/\/www.aupasradis.fr\/wp-content\/uploads\/2025\/05\/WhatsApp-Image-2025-04-29-at-22.29.52-1536x1152.jpg 1536w, https:\/\/www.aupasradis.fr\/wp-content\/uploads\/2025\/05\/WhatsApp-Image-2025-04-29-at-22.29.52.jpg 1600w\" sizes=\"auto, (max-width: 1024px) 100vw, 1024px\" \/><\/figure>\n<\/figure>\n","protected":false},"excerpt":{"rendered":"<p>Un chantier \u00e9ducatif, c&rsquo;est quoi Au Pas&#8230;Radis ? Prendre le temps de trouver son chemin Nous proposons des \u00ab&nbsp;chantiers collectifs&nbsp;\u00bb centr\u00e9s sur des activit\u00e9s vari\u00e9es (jardinage, soin des animaux, cueillette et cuisine, bricolage simple&#8230;) en lien avec notre fil rouge qui est de tendre vers l&rsquo;autonomie et de cr\u00e9er un [&hellip;]<\/p>\n","protected":false},"author":1,"featured_media":0,"parent":0,"menu_order":0,"comment_status":"closed","ping_status":"closed","template":"","meta":{"footnotes":""},"class_list":["post-69","page","type-page","status-publish","hentry"],"_links":{"self":[{"href":"https:\/\/www.aupasradis.fr\/index.php\/wp-json\/wp\/v2\/pages\/69","targetHints":{"allow":["GET"]}}],"collection":[{"href":"https:\/\/www.aupasradis.fr\/index.php\/wp-json\/wp\/v2\/pages"}],"about":[{"href":"https:\/\/www.aupasradis.fr\/index.php\/wp-json\/wp\/v2\/types\/page"}],"author":[{"embeddable":true,"href":"https:\/\/www.aupasradis.fr\/index.php\/wp-json\/wp\/v2\/users\/1"}],"replies":[{"embeddable":true,"href":"https:\/\/www.aupasradis.fr\/index.php\/wp-json\/wp\/v2\/comments?post=69"}],"version-history":[{"count":21,"href":"https:\/\/www.aupasradis.fr\/index.php\/wp-json\/wp\/v2\/pages\/69\/revisions"}],"predecessor-version":[{"id":444,"href":"https:\/\/www.aupasradis.fr\/index.php\/wp-json\/wp\/v2\/pages\/69\/revisions\/444"}],"wp:attachment":[{"href":"https:\/\/www.aupasradis.fr\/index.php\/wp-json\/wp\/v2\/media?parent=69"}],"curies":[{"name":"wp","href":"https:\/\/api.w.org\/{rel}","templated":true}]}}